{"id":31217,"date":"2026-02-24T03:58:49","date_gmt":"2026-02-24T00:58:49","guid":{"rendered":"https:\/\/www.tempokompozit.com\/de\/?page_id=31217"},"modified":"2026-03-10T21:04:09","modified_gmt":"2026-03-10T18:04:09","slug":"ruhrtanks","status":"publish","type":"page","link":"https:\/\/www.tempokompozit.com\/de\/produkte\/gfk-tanks\/ruhrtanks\/","title":{"rendered":"R\u00fchrtanks"},"content":{"rendered":"\t\t<div data-elementor-type=\"wp-page\" data-elementor-id=\"31217\" class=\"elementor elementor-31217\">\n\t\t\t\t\r\n\t\t<div class=\"default no-position show_shadow rs-sticky-default elementor-element elementor-element-4b6cc1a e-con-full e-flex e-con e-parent\" data-id=\"4b6cc1a\" data-element_type=\"container\" data-e-type=\"container\" data-settings=\"{&quot;background_background&quot;:&quot;classic&quot;}\">\n\t\t\r\n\t\t<div class=\"default no-position show_shadow rs-sticky-default elementor-element elementor-element-135a0b6 e-con-full e-flex e-con e-child\" data-id=\"135a0b6\" data-element_type=\"container\" data-e-type=\"container\">\n\t\t\r\n\t\t<div class=\"default no-position show_shadow rs-sticky-default elementor-element elementor-element-1c77a03 e-con-full e-flex e-con e-child\" data-id=\"1c77a03\" data-element_type=\"container\" data-e-type=\"container\">\n\t\t\t\t<\/div>\n\t\t\t\t<\/div>\n\t\t\r\n\t\t<div class=\"default no-position show_shadow rs-sticky-default elementor-element elementor-element-817b41a e-con-full e-flex e-con e-child\" data-id=\"817b41a\" data-element_type=\"container\" data-e-type=\"container\">\n\t\t\r\n\t\t<div class=\"default no-position show_shadow rs-sticky-default elementor-element elementor-element-2a76faf e-con-full e-flex e-con e-child\" data-id=\"2a76faf\" data-element_type=\"container\" data-e-type=\"container\" data-settings=\"{&quot;background_background&quot;:&quot;classic&quot;}\">\n\t\t\r\n\t\t<div class=\"default no-position show_shadow rs-sticky-default elementor-element elementor-element-a6ed8be e-con-full e-flex e-con e-child\" data-id=\"a6ed8be\" data-element_type=\"container\" data-e-type=\"container\">\n\t\t\r\n\t\t\t\t<div class=\"elementor-element elementor-element-825a159 elementor-widget elementor-widget-rs-heading\" data-id=\"825a159\" data-element_type=\"widget\" data-e-type=\"widget\" data-widget_type=\"rs-heading.default\">\n\t\t\t\t<div class=\"elementor-widget-container\">\n\t\t\t\t\t\n\t\t<div class=\"prelements-heading default  \">\n\t\t\t<div class=\"title-inner\">\n\t\t\t\t<h2 class=\"title rs-split-text-disable \">R\u00fchrtanks<\/h2>\n\t\t\t<\/div>\n\t\t\t\t\t<\/div>\n\t\t\t\t<\/div>\n\t\t\t\t<\/div>\n\t\t\t\t<\/div>\n\t\t\t\t<\/div>\n\t\t\t\t<\/div>\n\t\t\r\n\t\t<div class=\"default no-position show_shadow rs-sticky-default elementor-element elementor-element-e6cfb15 e-con-full e-flex e-con e-child\" data-id=\"e6cfb15\" data-element_type=\"container\" data-e-type=\"container\">\n\t\t\t\t<\/div>\n\t\t\r\n\t\t<div class=\"default no-position show_shadow rs-sticky-default elementor-element elementor-element-04a29df e-con-full e-flex e-con e-child\" data-id=\"04a29df\" data-element_type=\"container\" data-e-type=\"container\">\n\t\t\r\n\t\t<div class=\"default no-position show_shadow rs-sticky-default elementor-element elementor-element-55aad88 e-con-full e-flex e-con e-child\" data-id=\"55aad88\" data-element_type=\"container\" data-e-type=\"container\">\n\t\t\r\n\t\t<div class=\"default no-position show_shadow rs-sticky-default elementor-element elementor-element-66aef1d e-con-full e-flex e-con e-child\" data-id=\"66aef1d\" data-element_type=\"container\" data-e-type=\"container\">\n\t\t\r\n\t\t<div class=\"default no-position show_shadow rs-sticky-default elementor-element elementor-element-32f56d6 e-con-full e-flex e-con e-child\" data-id=\"32f56d6\" data-element_type=\"container\" data-e-type=\"container\" data-settings=\"{&quot;background_background&quot;:&quot;classic&quot;}\">\n\t\t\r\n\t\t\t\t<div class=\"elementor-element elementor-element-8d18772 elementor-widget elementor-widget-heading\" data-id=\"8d18772\" data-element_type=\"widget\" data-e-type=\"widget\" data-widget_type=\"heading.default\">\n\t\t\t\t<div class=\"elementor-widget-container\">\n\t\t\t\t\t<h6 class=\"elementor-heading-title elementor-size-default\">PRODUKTINFORMATIONEN<\/h6>\t\t\t\t<\/div>\n\t\t\t\t<\/div>\n\t\t\t\t<\/div>\n\t\t\r\n\t\t<div class=\"default no-position show_shadow rs-sticky-default elementor-element elementor-element-cb1bd1c e-con-full e-flex e-con e-child\" data-id=\"cb1bd1c\" data-element_type=\"container\" data-e-type=\"container\" data-settings=\"{&quot;background_background&quot;:&quot;classic&quot;}\">\n\t\t\r\n\t\t\t\t<div class=\"elementor-element elementor-element-a2fe4ad elementor-widget elementor-widget-text-editor\" data-id=\"a2fe4ad\" data-element_type=\"widget\" data-e-type=\"widget\" data-widget_type=\"text-editor.default\">\n\t\t\t\t<div class=\"elementor-widget-container\">\n\t\t\t\t\t\t\t\t\t<p data-start=\"0\" data-end=\"338\">R\u00fchrtanks sind Industrieausr\u00fcstungen, die f\u00fcr das homogene Mischen verschiedener Fl\u00fcssigkeiten oder Chemikalien, die Herstellung von L\u00f6sungen und die Aufrechterhaltung der Prozessstabilit\u00e4t eingesetzt werden. Bei Tempo Kompozit fertigen wir projektspezifische GFK-R\u00fchrtanks, die an die Anforderungen jedes Mischprozesses angepasst sind.<\/p><p data-start=\"340\" data-end=\"763\">Hergestellt aus glasfaserverst\u00e4rktem Polyester (GFK) bieten diese R\u00fchrtanks hohe Best\u00e4ndigkeit gegen\u00fcber Korrosion, chemischen Einfl\u00fcssen und Umgebungsbedingungen. Geeignete Harzsysteme (wie Isophthalat- oder Vinylesterharze) werden entsprechend den Prozessbedingungen ausgew\u00e4hlt, um eine langlebige und sichere Struktur zu gew\u00e4hrleisten. Sie k\u00f6nnen sicher f\u00fcr saure, basische und neutrale Fl\u00fcssigkeiten verwendet werden.<\/p><p data-start=\"765\" data-end=\"1210\">Die Tanks werden unter Ber\u00fccksichtigung der Viskosit\u00e4t, Dichte und Prozessdauer der zu mischenden Fl\u00fcssigkeit ausgelegt. Flansche und Anschlussdetails, die mit mechanischen, magnetischen oder oben-\/seiteneinbauenden R\u00fchrsystemen kompatibel sind, werden projektbezogen bestimmt. Optionale Zubeh\u00f6rteile wie Leitbleche, F\u00fcllstandsanzeigen, Probenahmestutzen, Ein- und Auslassleitungen sowie Mannlochabdeckungen k\u00f6nnen ebenfalls integriert werden.<\/p><p data-start=\"1212\" data-end=\"1575\">Die Innenfl\u00e4chen der GFK-R\u00fchrtanks werden glatt hergestellt, um R\u00fcckst\u00e4nde zu minimieren und die Reinigung zu erleichtern. Tanks k\u00f6nnen als Monoblock- oder modulare Einheiten gefertigt werden, wodurch sich Vorteile beim Transport und der Installation aufgrund der leichten Bauweise ergeben. L\u00f6sungen f\u00fcr oberirdische oder teilversenkte Anwendungen sind m\u00f6glich.<\/p><p data-start=\"1577\" data-end=\"1917\" data-is-last-node=\"\" data-is-only-node=\"\">Alle R\u00fchrtanks werden so ausgelegt, dass sie statische und dynamische Lasten aushalten, und unterliegen vor der Auslieferung Qualit\u00e4tskontrollen und Dichtheitspr\u00fcfungen. Unsere GFK-R\u00fchrtanks kommen sicher in Aufbereitungsanlagen, der Chemie-, Lebensmittel- und Energieindustrie sowie in verschiedenen anderen Industrieprozessen zum Einsatz.<\/p>\t\t\t\t\t\t\t\t<\/div>\n\t\t\t\t<\/div>\n\t\t\t\t<\/div>\n\t\t\t\t<\/div>\n\t\t\r\n\t\t\t\t<div class=\"elementor-element elementor-element-11f6136 elementor-align-center elementor-widget elementor-widget-button\" data-id=\"11f6136\" data-element_type=\"widget\" data-e-type=\"widget\" data-widget_type=\"button.default\">\n\t\t\t\t<div class=\"elementor-widget-container\">\n\t\t\t\t\t\t\t\t\t<div class=\"elementor-button-wrapper\">\n\t\t\t\t\t<a class=\"elementor-button elementor-button-link elementor-size-sm elementor-animation-grow\" href=\"https:\/\/www.tempokompozit.com\/de\/kontakt\/\">\n\t\t\t\t\t\t<span class=\"elementor-button-content-wrapper\">\n\t\t\t\t\t\t\t\t\t<span class=\"elementor-button-text\">Angebot Anfordern<\/span>\n\t\t\t\t\t<\/span>\n\t\t\t\t\t<\/a>\n\t\t\t\t<\/div>\n\t\t\t\t\t\t\t\t<\/div>\n\t\t\t\t<\/div>\n\t\t\t\t<\/div>\n\t\t\r\n\t\t<div class=\"default no-position show_shadow rs-sticky-default elementor-element elementor-element-840cfb8 e-con-full e-flex e-con e-child\" data-id=\"840cfb8\" data-element_type=\"container\" data-e-type=\"container\">\n\t\t\r\n\t\t<div class=\"default no-position show_shadow rs-sticky-default elementor-element elementor-element-676ab32 e-con-full e-flex e-con e-child\" data-id=\"676ab32\" data-element_type=\"container\" data-e-type=\"container\">\n\t\t\r\n\t\t<div class=\"default no-position show_shadow rs-sticky-default elementor-element elementor-element-8cf946d e-con-full e-flex e-con e-child\" data-id=\"8cf946d\" data-element_type=\"container\" data-e-type=\"container\" data-settings=\"{&quot;background_background&quot;:&quot;classic&quot;}\">\n\t\t\r\n\t\t\t\t<div class=\"elementor-element elementor-element-4054a55 elementor-widget elementor-widget-heading\" data-id=\"4054a55\" data-element_type=\"widget\" data-e-type=\"widget\" data-widget_type=\"heading.default\">\n\t\t\t\t<div class=\"elementor-widget-container\">\n\t\t\t\t\t<h6 class=\"elementor-heading-title elementor-size-default\">BILDER<\/h6>\t\t\t\t<\/div>\n\t\t\t\t<\/div>\n\t\t\t\t<\/div>\n\t\t\r\n\t\t<div class=\"default no-position show_shadow rs-sticky-default elementor-element elementor-element-fe0eb86 e-con-full e-flex e-con e-child\" data-id=\"fe0eb86\" data-element_type=\"container\" data-e-type=\"container\" data-settings=\"{&quot;background_background&quot;:&quot;classic&quot;}\">\n\t\t\r\n\t\t\t\t<div class=\"elementor-element elementor-element-cf173fd elementor-widget elementor-widget-image\" data-id=\"cf173fd\" data-element_type=\"widget\" data-e-type=\"widget\" data-widget_type=\"image.default\">\n\t\t\t\t<div class=\"elementor-widget-container\">\n\t\t\t\t\t\t\t\t\t\t\t\t\t\t\t<img fetchpriority=\"high\" decoding=\"async\" width=\"640\" height=\"480\" src=\"https:\/\/www.tempokompozit.com\/de\/wp-content\/uploads\/2026\/03\/Karisim-Tanklari3-1024x768.jpeg\" class=\"attachment-large size-large wp-image-31435\" alt=\"R\u00fchrtanks3\" srcset=\"https:\/\/www.tempokompozit.com\/de\/wp-content\/uploads\/2026\/03\/Karisim-Tanklari3-1024x768.jpeg 1024w, https:\/\/www.tempokompozit.com\/de\/wp-content\/uploads\/2026\/03\/Karisim-Tanklari3-300x225.jpeg 300w, https:\/\/www.tempokompozit.com\/de\/wp-content\/uploads\/2026\/03\/Karisim-Tanklari3-768x576.jpeg 768w, https:\/\/www.tempokompozit.com\/de\/wp-content\/uploads\/2026\/03\/Karisim-Tanklari3-1536x1152.jpeg 1536w, https:\/\/www.tempokompozit.com\/de\/wp-content\/uploads\/2026\/03\/Karisim-Tanklari3.jpeg 1600w\" sizes=\"(max-width: 640px) 100vw, 640px\" title=\"\">\t\t\t\t\t\t\t\t\t\t\t\t\t\t\t<\/div>\n\t\t\t\t<\/div>\n\t\t\t\t<\/div>\n\t\t\t\t<\/div>\n\t\t\r\n\t\t<div class=\"default no-position show_shadow rs-sticky-default elementor-element elementor-element-8077c25 e-con-full e-flex e-con e-child\" data-id=\"8077c25\" data-element_type=\"container\" data-e-type=\"container\">\n\t\t\r\n\t\t<div class=\"default no-position show_shadow rs-sticky-default elementor-element elementor-element-da42dae e-con-full e-flex e-con e-child\" data-id=\"da42dae\" data-element_type=\"container\" data-e-type=\"container\" data-settings=\"{&quot;background_background&quot;:&quot;classic&quot;}\">\n\t\t\r\n\t\t\t\t<div class=\"elementor-element elementor-element-f4f3ca1 elementor-widget elementor-widget-image\" data-id=\"f4f3ca1\" data-element_type=\"widget\" data-e-type=\"widget\" data-widget_type=\"image.default\">\n\t\t\t\t<div class=\"elementor-widget-container\">\n\t\t\t\t\t\t\t\t\t\t\t\t\t\t\t<img decoding=\"async\" width=\"640\" height=\"480\" src=\"https:\/\/www.tempokompozit.com\/de\/wp-content\/uploads\/2026\/03\/Karisim-Tanklari2-1024x768.jpeg\" class=\"attachment-large size-large wp-image-31436\" alt=\"R\u00fchrtanks2\" srcset=\"https:\/\/www.tempokompozit.com\/de\/wp-content\/uploads\/2026\/03\/Karisim-Tanklari2-1024x768.jpeg 1024w, https:\/\/www.tempokompozit.com\/de\/wp-content\/uploads\/2026\/03\/Karisim-Tanklari2-300x225.jpeg 300w, https:\/\/www.tempokompozit.com\/de\/wp-content\/uploads\/2026\/03\/Karisim-Tanklari2-768x576.jpeg 768w, https:\/\/www.tempokompozit.com\/de\/wp-content\/uploads\/2026\/03\/Karisim-Tanklari2-1536x1152.jpeg 1536w, https:\/\/www.tempokompozit.com\/de\/wp-content\/uploads\/2026\/03\/Karisim-Tanklari2.jpeg 1600w\" sizes=\"(max-width: 640px) 100vw, 640px\" title=\"\">\t\t\t\t\t\t\t\t\t\t\t\t\t\t\t<\/div>\n\t\t\t\t<\/div>\n\t\t\t\t<\/div>\n\t\t\t\t<\/div>\n\t\t\t\t<\/div>\n\t\t\t\t<\/div>\n\t\t\t\t<\/div>\n\t\t\t\t<\/div>\n\t\t","protected":false},"excerpt":{"rendered":"<p>R\u00fchrtanks PRODUKTINFORMATIONEN R\u00fchrtanks sind Industrieausr\u00fcstungen, die f\u00fcr das homogene Mischen verschiedener Fl\u00fcssigkeiten oder Chemikalien, die Herstellung von L\u00f6sungen und die Aufrechterhaltung der Prozessstabilit\u00e4t eingesetzt werden. Bei Tempo Kompozit fertigen wir projektspezifische GFK-R\u00fchrtanks, die an die Anforderungen jedes Mischprozesses angepasst sind. Hergestellt aus glasfaserverst\u00e4rktem Polyester (GFK) bieten diese R\u00fchrtanks hohe Best\u00e4ndigkeit gegen\u00fcber Korrosion, chemischen Einfl\u00fcssen und&#8230;<\/p>\n","protected":false},"author":1,"featured_media":0,"parent":31209,"menu_order":0,"comment_status":"closed","ping_status":"closed","template":"elementor_header_footer","meta":{"footnotes":""},"class_list":["post-31217","page","type-page","status-publish","hentry"],"_links":{"self":[{"href":"https:\/\/www.tempokompozit.com\/de\/wp-json\/wp\/v2\/pages\/31217","targetHints":{"allow":["GET"]}}],"collection":[{"href":"https:\/\/www.tempokompozit.com\/de\/wp-json\/wp\/v2\/pages"}],"about":[{"href":"https:\/\/www.tempokompozit.com\/de\/wp-json\/wp\/v2\/types\/page"}],"author":[{"embeddable":true,"href":"https:\/\/www.tempokompozit.com\/de\/wp-json\/wp\/v2\/users\/1"}],"replies":[{"embeddable":true,"href":"https:\/\/www.tempokompozit.com\/de\/wp-json\/wp\/v2\/comments?post=31217"}],"version-history":[{"count":0,"href":"https:\/\/www.tempokompozit.com\/de\/wp-json\/wp\/v2\/pages\/31217\/revisions"}],"up":[{"embeddable":true,"href":"https:\/\/www.tempokompozit.com\/de\/wp-json\/wp\/v2\/pages\/31209"}],"wp:attachment":[{"href":"https:\/\/www.tempokompozit.com\/de\/wp-json\/wp\/v2\/media?parent=31217"}],"curies":[{"name":"wp","href":"https:\/\/api.w.org\/{rel}","templated":true}]}}