{"id":31164,"date":"2026-02-24T03:42:29","date_gmt":"2026-02-24T00:42:29","guid":{"rendered":"https:\/\/www.tempokompozit.com\/de\/?page_id=31164"},"modified":"2026-03-10T21:02:42","modified_gmt":"2026-03-10T18:02:42","slug":"gelandersysteme","status":"publish","type":"page","link":"https:\/\/www.tempokompozit.com\/de\/produkte\/strukturprodukte\/gelandersysteme\/","title":{"rendered":"Gel\u00e4ndersysteme"},"content":{"rendered":"\t\t<div data-elementor-type=\"wp-page\" data-elementor-id=\"31164\" class=\"elementor elementor-31164\">\n\t\t\t\t\r\n\t\t<div class=\"default no-position show_shadow rs-sticky-default elementor-element elementor-element-4b6cc1a e-con-full e-flex e-con e-parent\" data-id=\"4b6cc1a\" data-element_type=\"container\" data-e-type=\"container\" data-settings=\"{&quot;background_background&quot;:&quot;classic&quot;}\">\n\t\t\r\n\t\t<div class=\"default no-position show_shadow rs-sticky-default elementor-element elementor-element-135a0b6 e-con-full e-flex e-con e-child\" data-id=\"135a0b6\" data-element_type=\"container\" data-e-type=\"container\">\n\t\t\r\n\t\t<div class=\"default no-position show_shadow rs-sticky-default elementor-element elementor-element-1c77a03 e-con-full e-flex e-con e-child\" data-id=\"1c77a03\" data-element_type=\"container\" data-e-type=\"container\">\n\t\t\t\t<\/div>\n\t\t\t\t<\/div>\n\t\t\r\n\t\t<div class=\"default no-position show_shadow rs-sticky-default elementor-element elementor-element-817b41a e-con-full e-flex e-con e-child\" data-id=\"817b41a\" data-element_type=\"container\" data-e-type=\"container\">\n\t\t\r\n\t\t<div class=\"default no-position show_shadow rs-sticky-default elementor-element elementor-element-2a76faf e-con-full e-flex e-con e-child\" data-id=\"2a76faf\" data-element_type=\"container\" data-e-type=\"container\" data-settings=\"{&quot;background_background&quot;:&quot;classic&quot;}\">\n\t\t\r\n\t\t<div class=\"default no-position show_shadow rs-sticky-default elementor-element elementor-element-a6ed8be e-con-full e-flex e-con e-child\" data-id=\"a6ed8be\" data-element_type=\"container\" data-e-type=\"container\">\n\t\t\r\n\t\t\t\t<div class=\"elementor-element elementor-element-825a159 elementor-widget elementor-widget-rs-heading\" data-id=\"825a159\" data-element_type=\"widget\" data-e-type=\"widget\" data-widget_type=\"rs-heading.default\">\n\t\t\t\t<div class=\"elementor-widget-container\">\n\t\t\t\t\t\n\t\t<div class=\"prelements-heading default  \">\n\t\t\t<div class=\"title-inner\">\n\t\t\t\t<h2 class=\"title rs-split-text-disable \">Gel\u00e4ndersysteme<\/h2>\n\t\t\t<\/div>\n\t\t\t\t\t<\/div>\n\t\t\t\t<\/div>\n\t\t\t\t<\/div>\n\t\t\t\t<\/div>\n\t\t\t\t<\/div>\n\t\t\t\t<\/div>\n\t\t\r\n\t\t<div class=\"default no-position show_shadow rs-sticky-default elementor-element elementor-element-e6cfb15 e-con-full e-flex e-con e-child\" data-id=\"e6cfb15\" data-element_type=\"container\" data-e-type=\"container\">\n\t\t\t\t<\/div>\n\t\t\r\n\t\t<div class=\"default no-position show_shadow rs-sticky-default elementor-element elementor-element-04a29df e-con-full e-flex e-con e-child\" data-id=\"04a29df\" data-element_type=\"container\" data-e-type=\"container\">\n\t\t\r\n\t\t<div class=\"default no-position show_shadow rs-sticky-default elementor-element elementor-element-55aad88 e-con-full e-flex e-con e-child\" data-id=\"55aad88\" data-element_type=\"container\" data-e-type=\"container\">\n\t\t\r\n\t\t<div class=\"default no-position show_shadow rs-sticky-default elementor-element elementor-element-66aef1d e-con-full e-flex e-con e-child\" data-id=\"66aef1d\" data-element_type=\"container\" data-e-type=\"container\">\n\t\t\r\n\t\t<div class=\"default no-position show_shadow rs-sticky-default elementor-element elementor-element-32f56d6 e-con-full e-flex e-con e-child\" data-id=\"32f56d6\" data-element_type=\"container\" data-e-type=\"container\" data-settings=\"{&quot;background_background&quot;:&quot;classic&quot;}\">\n\t\t\r\n\t\t\t\t<div class=\"elementor-element elementor-element-8d18772 elementor-widget elementor-widget-heading\" data-id=\"8d18772\" data-element_type=\"widget\" data-e-type=\"widget\" data-widget_type=\"heading.default\">\n\t\t\t\t<div class=\"elementor-widget-container\">\n\t\t\t\t\t<h6 class=\"elementor-heading-title elementor-size-default\">PRODUKTINFORMATIONEN<\/h6>\t\t\t\t<\/div>\n\t\t\t\t<\/div>\n\t\t\t\t<\/div>\n\t\t\r\n\t\t<div class=\"default no-position show_shadow rs-sticky-default elementor-element elementor-element-cb1bd1c e-con-full e-flex e-con e-child\" data-id=\"cb1bd1c\" data-element_type=\"container\" data-e-type=\"container\" data-settings=\"{&quot;background_background&quot;:&quot;classic&quot;}\">\n\t\t\r\n\t\t\t\t<div class=\"elementor-element elementor-element-a2fe4ad elementor-widget elementor-widget-text-editor\" data-id=\"a2fe4ad\" data-element_type=\"widget\" data-e-type=\"widget\" data-widget_type=\"text-editor.default\">\n\t\t\t\t<div class=\"elementor-widget-container\">\n\t\t\t\t\t\t\t\t\t<p data-start=\"0\" data-end=\"306\">GFK-Gel\u00e4ndersysteme sind sicherheitstechnische Bauteile, die in Industrieanlagen, Aufbereitungsstrukturen, Plattformen und Laufstegen eingesetzt werden, um die Sicherheit des Personals zu gew\u00e4hrleisten. Bei Tempo Kompozit fertigen wir langlebige, umweltbest\u00e4ndige und projektspezifische Gel\u00e4nderl\u00f6sungen.<\/p><p data-start=\"308\" data-end=\"1013\">Gel\u00e4nder aus GFK-Material k\u00f6nnen dank ihrer hohen Korrosionsbest\u00e4ndigkeit sicher in feuchten Umgebungen, Bereichen mit intensiver chemischer Beanspruchung sowie im Au\u00dfenbereich verwendet werden. Im Gegensatz zu Metallgel\u00e4ndern sind GFK-Systeme nicht von Rost, abbl\u00e4tternder Farbe oder h\u00e4ufigen Wartungsarbeiten betroffen. Sie werden so ausgelegt, dass sie die g\u00e4ngigen Sicherheitsnormen mit ausreichender Tragf\u00e4higkeit erf\u00fcllen. Ihre modulare Bauweise erm\u00f6glicht eine schnelle Montage und einfache Anpassung an die \u00f6rtlichen Gegebenheiten. Systeme k\u00f6nnen f\u00fcr gerade, winklige oder geneigte Wege gefertigt werden und bieten projektspezifische L\u00f6sungen in verschiedenen H\u00f6hen, Farben und Anschlussdetails.<\/p><p data-start=\"1015\" data-end=\"1448\" data-is-last-node=\"\" data-is-only-node=\"\">Gel\u00e4ndersysteme k\u00f6nnen in Plattform- und Treppenstrukturen integriert oder einfach auf bestehenden Beton- oder Stahlkonstruktionen montiert werden. Das leichte Design erleichtert Transport und Installation. Da sie elektrisch isolierend sind, sind sie auch in Bereichen mit Energieanlagen oder elektrischer Infrastruktur sicher einsetzbar. Die lange Lebensdauer und der geringe Wartungsaufwand reduzieren die Betriebskosten erheblich.<\/p>\t\t\t\t\t\t\t\t<\/div>\n\t\t\t\t<\/div>\n\t\t\t\t<\/div>\n\t\t\t\t<\/div>\n\t\t\r\n\t\t\t\t<div class=\"elementor-element elementor-element-11f6136 elementor-align-center elementor-widget elementor-widget-button\" data-id=\"11f6136\" data-element_type=\"widget\" data-e-type=\"widget\" data-widget_type=\"button.default\">\n\t\t\t\t<div class=\"elementor-widget-container\">\n\t\t\t\t\t\t\t\t\t<div class=\"elementor-button-wrapper\">\n\t\t\t\t\t<a class=\"elementor-button elementor-button-link elementor-size-sm elementor-animation-grow\" href=\"https:\/\/www.tempokompozit.com\/de\/kontakt\/\">\n\t\t\t\t\t\t<span class=\"elementor-button-content-wrapper\">\n\t\t\t\t\t\t\t\t\t<span class=\"elementor-button-text\">Angebot Anfordern<\/span>\n\t\t\t\t\t<\/span>\n\t\t\t\t\t<\/a>\n\t\t\t\t<\/div>\n\t\t\t\t\t\t\t\t<\/div>\n\t\t\t\t<\/div>\n\t\t\t\t<\/div>\n\t\t\r\n\t\t<div class=\"default no-position show_shadow rs-sticky-default elementor-element elementor-element-840cfb8 e-con-full e-flex e-con e-child\" data-id=\"840cfb8\" data-element_type=\"container\" data-e-type=\"container\">\n\t\t\r\n\t\t<div class=\"default no-position show_shadow rs-sticky-default elementor-element elementor-element-676ab32 e-con-full e-flex e-con e-child\" data-id=\"676ab32\" data-element_type=\"container\" data-e-type=\"container\">\n\t\t\r\n\t\t<div class=\"default no-position show_shadow rs-sticky-default elementor-element elementor-element-8cf946d e-con-full e-flex e-con e-child\" data-id=\"8cf946d\" data-element_type=\"container\" data-e-type=\"container\" data-settings=\"{&quot;background_background&quot;:&quot;classic&quot;}\">\n\t\t\r\n\t\t\t\t<div class=\"elementor-element elementor-element-4054a55 elementor-widget elementor-widget-heading\" data-id=\"4054a55\" data-element_type=\"widget\" data-e-type=\"widget\" data-widget_type=\"heading.default\">\n\t\t\t\t<div class=\"elementor-widget-container\">\n\t\t\t\t\t<h6 class=\"elementor-heading-title elementor-size-default\">BILDER<\/h6>\t\t\t\t<\/div>\n\t\t\t\t<\/div>\n\t\t\t\t<\/div>\n\t\t\r\n\t\t<div class=\"default no-position show_shadow rs-sticky-default elementor-element elementor-element-fe0eb86 e-con-full e-flex e-con e-child\" data-id=\"fe0eb86\" data-element_type=\"container\" data-e-type=\"container\" data-settings=\"{&quot;background_background&quot;:&quot;classic&quot;}\">\n\t\t\r\n\t\t\t\t<div class=\"elementor-element elementor-element-5eccb87 elementor-widget elementor-widget-image\" data-id=\"5eccb87\" data-element_type=\"widget\" data-e-type=\"widget\" data-widget_type=\"image.default\">\n\t\t\t\t<div class=\"elementor-widget-container\">\n\t\t\t\t\t\t\t\t\t\t\t\t\t\t\t<img fetchpriority=\"high\" decoding=\"async\" width=\"1200\" height=\"1800\" src=\"https:\/\/www.tempokompozit.com\/de\/wp-content\/uploads\/2026\/02\/ctp-depolama-tanki-izmir-tesisi-arc-2.jpg\" class=\"attachment-full size-full wp-image-31180\" alt=\"Gel\u00e4ndersysteme\" srcset=\"https:\/\/www.tempokompozit.com\/de\/wp-content\/uploads\/2026\/02\/ctp-depolama-tanki-izmir-tesisi-arc-2.jpg 1200w, https:\/\/www.tempokompozit.com\/de\/wp-content\/uploads\/2026\/02\/ctp-depolama-tanki-izmir-tesisi-arc-2-200x300.jpg 200w, https:\/\/www.tempokompozit.com\/de\/wp-content\/uploads\/2026\/02\/ctp-depolama-tanki-izmir-tesisi-arc-2-683x1024.jpg 683w, https:\/\/www.tempokompozit.com\/de\/wp-content\/uploads\/2026\/02\/ctp-depolama-tanki-izmir-tesisi-arc-2-768x1152.jpg 768w, https:\/\/www.tempokompozit.com\/de\/wp-content\/uploads\/2026\/02\/ctp-depolama-tanki-izmir-tesisi-arc-2-1024x1536.jpg 1024w\" sizes=\"(max-width: 1200px) 100vw, 1200px\" title=\"\">\t\t\t\t\t\t\t\t\t\t\t\t\t\t\t<\/div>\n\t\t\t\t<\/div>\n\t\t\t\t<\/div>\n\t\t\t\t<\/div>\n\t\t\t\t<\/div>\n\t\t\t\t<\/div>\n\t\t\t\t<\/div>\n\t\t\t\t<\/div>\n\t\t","protected":false},"excerpt":{"rendered":"<p>Gel\u00e4ndersysteme PRODUKTINFORMATIONEN GFK-Gel\u00e4ndersysteme sind sicherheitstechnische Bauteile, die in Industrieanlagen, Aufbereitungsstrukturen, Plattformen und Laufstegen eingesetzt werden, um die Sicherheit des Personals zu gew\u00e4hrleisten. Bei Tempo Kompozit fertigen wir langlebige, umweltbest\u00e4ndige und projektspezifische Gel\u00e4nderl\u00f6sungen. Gel\u00e4nder aus GFK-Material k\u00f6nnen dank ihrer hohen Korrosionsbest\u00e4ndigkeit sicher in feuchten Umgebungen, Bereichen mit intensiver chemischer Beanspruchung sowie im Au\u00dfenbereich verwendet werden. Im&#8230;<\/p>\n","protected":false},"author":1,"featured_media":0,"parent":31159,"menu_order":0,"comment_status":"closed","ping_status":"closed","template":"elementor_header_footer","meta":{"footnotes":""},"class_list":["post-31164","page","type-page","status-publish","hentry"],"_links":{"self":[{"href":"https:\/\/www.tempokompozit.com\/de\/wp-json\/wp\/v2\/pages\/31164","targetHints":{"allow":["GET"]}}],"collection":[{"href":"https:\/\/www.tempokompozit.com\/de\/wp-json\/wp\/v2\/pages"}],"about":[{"href":"https:\/\/www.tempokompozit.com\/de\/wp-json\/wp\/v2\/types\/page"}],"author":[{"embeddable":true,"href":"https:\/\/www.tempokompozit.com\/de\/wp-json\/wp\/v2\/users\/1"}],"replies":[{"embeddable":true,"href":"https:\/\/www.tempokompozit.com\/de\/wp-json\/wp\/v2\/comments?post=31164"}],"version-history":[{"count":0,"href":"https:\/\/www.tempokompozit.com\/de\/wp-json\/wp\/v2\/pages\/31164\/revisions"}],"up":[{"embeddable":true,"href":"https:\/\/www.tempokompozit.com\/de\/wp-json\/wp\/v2\/pages\/31159"}],"wp:attachment":[{"href":"https:\/\/www.tempokompozit.com\/de\/wp-json\/wp\/v2\/media?parent=31164"}],"curies":[{"name":"wp","href":"https:\/\/api.w.org\/{rel}","templated":true}]}}