{"id":31161,"date":"2026-02-24T03:39:58","date_gmt":"2026-02-24T00:39:58","guid":{"rendered":"https:\/\/www.tempokompozit.com\/de\/?page_id=31161"},"modified":"2026-03-10T21:02:31","modified_gmt":"2026-03-10T18:02:31","slug":"gitterroste-und-plattformen","status":"publish","type":"page","link":"https:\/\/www.tempokompozit.com\/de\/produkte\/strukturprodukte\/gitterroste-und-plattformen\/","title":{"rendered":"Gitterroste und Plattformen"},"content":{"rendered":"\t\t<div data-elementor-type=\"wp-page\" data-elementor-id=\"31161\" class=\"elementor elementor-31161\">\n\t\t\t\t\r\n\t\t<div class=\"default no-position show_shadow rs-sticky-default elementor-element elementor-element-4b6cc1a e-con-full e-flex e-con e-parent\" data-id=\"4b6cc1a\" data-element_type=\"container\" data-e-type=\"container\" data-settings=\"{&quot;background_background&quot;:&quot;classic&quot;}\">\n\t\t\r\n\t\t<div class=\"default no-position show_shadow rs-sticky-default elementor-element elementor-element-135a0b6 e-con-full e-flex e-con e-child\" data-id=\"135a0b6\" data-element_type=\"container\" data-e-type=\"container\">\n\t\t\r\n\t\t<div class=\"default no-position show_shadow rs-sticky-default elementor-element elementor-element-1c77a03 e-con-full e-flex e-con e-child\" data-id=\"1c77a03\" data-element_type=\"container\" data-e-type=\"container\">\n\t\t\t\t<\/div>\n\t\t\t\t<\/div>\n\t\t\r\n\t\t<div class=\"default no-position show_shadow rs-sticky-default elementor-element elementor-element-817b41a e-con-full e-flex e-con e-child\" data-id=\"817b41a\" data-element_type=\"container\" data-e-type=\"container\">\n\t\t\r\n\t\t<div class=\"default no-position show_shadow rs-sticky-default elementor-element elementor-element-2a76faf e-con-full e-flex e-con e-child\" data-id=\"2a76faf\" data-element_type=\"container\" data-e-type=\"container\" data-settings=\"{&quot;background_background&quot;:&quot;classic&quot;}\">\n\t\t\r\n\t\t<div class=\"default no-position show_shadow rs-sticky-default elementor-element elementor-element-a6ed8be e-con-full e-flex e-con e-child\" data-id=\"a6ed8be\" data-element_type=\"container\" data-e-type=\"container\">\n\t\t\r\n\t\t\t\t<div class=\"elementor-element elementor-element-825a159 elementor-widget elementor-widget-rs-heading\" data-id=\"825a159\" data-element_type=\"widget\" data-e-type=\"widget\" data-widget_type=\"rs-heading.default\">\n\t\t\t\t<div class=\"elementor-widget-container\">\n\t\t\t\t\t\n\t\t<div class=\"prelements-heading default  \">\n\t\t\t<div class=\"title-inner\">\n\t\t\t\t<h2 class=\"title rs-split-text-disable \">Gitterroste und Plattformen<\/h2>\n\t\t\t<\/div>\n\t\t\t\t\t<\/div>\n\t\t\t\t<\/div>\n\t\t\t\t<\/div>\n\t\t\t\t<\/div>\n\t\t\t\t<\/div>\n\t\t\t\t<\/div>\n\t\t\r\n\t\t<div class=\"default no-position show_shadow rs-sticky-default elementor-element elementor-element-e6cfb15 e-con-full e-flex e-con e-child\" data-id=\"e6cfb15\" data-element_type=\"container\" data-e-type=\"container\">\n\t\t\t\t<\/div>\n\t\t\r\n\t\t<div class=\"default no-position show_shadow rs-sticky-default elementor-element elementor-element-04a29df e-con-full e-flex e-con e-child\" data-id=\"04a29df\" data-element_type=\"container\" data-e-type=\"container\">\n\t\t\r\n\t\t<div class=\"default no-position show_shadow rs-sticky-default elementor-element elementor-element-55aad88 e-con-full e-flex e-con e-child\" data-id=\"55aad88\" data-element_type=\"container\" data-e-type=\"container\">\n\t\t\r\n\t\t<div class=\"default no-position show_shadow rs-sticky-default elementor-element elementor-element-66aef1d e-con-full e-flex e-con e-child\" data-id=\"66aef1d\" data-element_type=\"container\" data-e-type=\"container\">\n\t\t\r\n\t\t<div class=\"default no-position show_shadow rs-sticky-default elementor-element elementor-element-32f56d6 e-con-full e-flex e-con e-child\" data-id=\"32f56d6\" data-element_type=\"container\" data-e-type=\"container\" data-settings=\"{&quot;background_background&quot;:&quot;classic&quot;}\">\n\t\t\r\n\t\t\t\t<div class=\"elementor-element elementor-element-8d18772 elementor-widget elementor-widget-heading\" data-id=\"8d18772\" data-element_type=\"widget\" data-e-type=\"widget\" data-widget_type=\"heading.default\">\n\t\t\t\t<div class=\"elementor-widget-container\">\n\t\t\t\t\t<h6 class=\"elementor-heading-title elementor-size-default\">PRODUKTINFORMATIONEN\n<\/h6>\t\t\t\t<\/div>\n\t\t\t\t<\/div>\n\t\t\t\t<\/div>\n\t\t\r\n\t\t<div class=\"default no-position show_shadow rs-sticky-default elementor-element elementor-element-cb1bd1c e-con-full e-flex e-con e-child\" data-id=\"cb1bd1c\" data-element_type=\"container\" data-e-type=\"container\" data-settings=\"{&quot;background_background&quot;:&quot;classic&quot;}\">\n\t\t\r\n\t\t\t\t<div class=\"elementor-element elementor-element-a2fe4ad elementor-widget elementor-widget-text-editor\" data-id=\"a2fe4ad\" data-element_type=\"widget\" data-e-type=\"widget\" data-widget_type=\"text-editor.default\">\n\t\t\t\t<div class=\"elementor-widget-container\">\n\t\t\t\t\t\t\t\t\t<p data-start=\"0\" data-end=\"309\">GFK-Gitterroste und Plattformen sind leicht, korrosionsbest\u00e4ndig, hoch resistent gegen chemische und mechanische Belastungen und gleichzeitig dielektrische Materialien. Sie k\u00f6nnen in verschiedenen Harzsystemen, Farben und Oberfl\u00e4chentypen hergestellt werden, um spezifische Projektanforderungen zu erf\u00fcllen.<\/p>\n<p data-start=\"311\" data-end=\"345\"><strong data-start=\"311\" data-end=\"343\">STANDARD-GITTERROSTE AUS GFK<\/strong><\/p>\n<p data-start=\"347\" data-end=\"750\">Unsere formgepressten GFK-Standardgitterroste sind in St\u00e4rken von 38 mm und 50 mm erh\u00e4ltlich und k\u00f6nnen je nach Kundenwunsch mit geschliffener oder glatter Oberfl\u00e4che gefertigt werden. Formgepresste GFK-Gitterroste sind leicht, langlebig und korrosionsbest\u00e4ndig. Sie k\u00f6nnen mit einer Vielzahl von Edelstahl-Clips, Klammern und Befestigungszubeh\u00f6r geliefert werden, um jede Installation zu erm\u00f6glichen.<\/p>\n<p data-start=\"752\" data-end=\"937\">Technische Spezifikationen unserer Standard-GFK-Gitterrosttypen finden Sie in der untenstehenden Tabelle. F\u00fcr nicht aufgef\u00fchrte Abmessungen wenden Sie sich bitte an unser Unternehmen.<\/p>\n<p data-start=\"939\" data-end=\"973\"><strong data-start=\"939\" data-end=\"971\">GESCHLOSSENE GFK-GITTERROSTE<\/strong><\/p>\n<p data-start=\"975\" data-end=\"1227\">Geschlossene GFK-Gitterroste werden durch Kombination glatter Verbundplatten\u2014ein- oder beidseitig\u2014mit geschliffenen oder strukturierten Oberfl\u00e4chen hergestellt. Die Dicke der f\u00fcr die Montage verwendeten Standard-Verbundplatte betr\u00e4gt mindestens 3 mm.<\/p>\n<p data-start=\"1229\" data-end=\"1738\">Geschlossene Gitterroste werden in Umgebungen bevorzugt, in denen offene Gitterroste nicht geeignet sind. Ihr vollst\u00e4ndig geschlossenes Design macht sie ideal f\u00fcr Kabelkanalabdeckungen und Laufstege. Sie k\u00f6nnen auch auf Baustellen, an Uferbereichen, in Fabrikbereichen sowie auf sandigen, schlammigen oder rutschigen Oberfl\u00e4chen eingesetzt werden, um eine sichere Arbeitsplattform zu schaffen. Die geschlossene Oberseite bietet zudem eine h\u00f6here strukturelle Festigkeit im Vergleich zu offenen Gitterrosten.<\/p>\n<p data-start=\"1740\" data-end=\"1924\" data-is-last-node=\"\" data-is-only-node=\"\">Technische Spezifikationen unserer geschlossenen GFK-Gitterroste finden Sie in der untenstehenden Tabelle. F\u00fcr nicht aufgef\u00fchrte Abmessungen wenden Sie sich bitte an unser Unternehmen.<\/p>\t\t\t\t\t\t\t\t<\/div>\n\t\t\t\t<\/div>\n\t\t\t\t<\/div>\n\t\t\t\t<\/div>\n\t\t\r\n\t\t\t\t<div class=\"elementor-element elementor-element-11f6136 elementor-align-center elementor-widget elementor-widget-button\" data-id=\"11f6136\" data-element_type=\"widget\" data-e-type=\"widget\" data-widget_type=\"button.default\">\n\t\t\t\t<div class=\"elementor-widget-container\">\n\t\t\t\t\t\t\t\t\t<div class=\"elementor-button-wrapper\">\n\t\t\t\t\t<a class=\"elementor-button elementor-button-link elementor-size-sm elementor-animation-grow\" href=\"https:\/\/www.tempokompozit.com\/de\/kontakt\/\">\n\t\t\t\t\t\t<span class=\"elementor-button-content-wrapper\">\n\t\t\t\t\t\t\t\t\t<span class=\"elementor-button-text\">Angebot Anfordern<\/span>\n\t\t\t\t\t<\/span>\n\t\t\t\t\t<\/a>\n\t\t\t\t<\/div>\n\t\t\t\t\t\t\t\t<\/div>\n\t\t\t\t<\/div>\n\t\t\t\t<\/div>\n\t\t\r\n\t\t<div class=\"default no-position show_shadow rs-sticky-default elementor-element elementor-element-840cfb8 e-con-full e-flex e-con e-child\" data-id=\"840cfb8\" data-element_type=\"container\" data-e-type=\"container\">\n\t\t\r\n\t\t<div class=\"default no-position show_shadow rs-sticky-default elementor-element elementor-element-676ab32 e-con-full e-flex e-con e-child\" data-id=\"676ab32\" data-element_type=\"container\" data-e-type=\"container\">\n\t\t\r\n\t\t<div class=\"default no-position show_shadow rs-sticky-default elementor-element elementor-element-8cf946d e-con-full e-flex e-con e-child\" data-id=\"8cf946d\" data-element_type=\"container\" data-e-type=\"container\" data-settings=\"{&quot;background_background&quot;:&quot;classic&quot;}\">\n\t\t\r\n\t\t\t\t<div class=\"elementor-element elementor-element-4054a55 elementor-widget elementor-widget-heading\" data-id=\"4054a55\" data-element_type=\"widget\" data-e-type=\"widget\" data-widget_type=\"heading.default\">\n\t\t\t\t<div class=\"elementor-widget-container\">\n\t\t\t\t\t<h6 class=\"elementor-heading-title elementor-size-default\">BILDER<\/h6>\t\t\t\t<\/div>\n\t\t\t\t<\/div>\n\t\t\t\t<\/div>\n\t\t\r\n\t\t<div class=\"default no-position show_shadow rs-sticky-default elementor-element elementor-element-fe0eb86 e-con-full e-flex e-con e-child\" data-id=\"fe0eb86\" data-element_type=\"container\" data-e-type=\"container\" data-settings=\"{&quot;background_background&quot;:&quot;classic&quot;}\">\n\t\t\r\n\t\t\t\t<div class=\"elementor-element elementor-element-5eccb87 elementor-widget elementor-widget-image\" data-id=\"5eccb87\" data-element_type=\"widget\" data-e-type=\"widget\" data-widget_type=\"image.default\">\n\t\t\t\t<div class=\"elementor-widget-container\">\n\t\t\t\t\t\t\t\t\t\t\t\t\t\t\t<img fetchpriority=\"high\" decoding=\"async\" width=\"1200\" height=\"1800\" src=\"https:\/\/www.tempokompozit.com\/de\/wp-content\/uploads\/2026\/02\/ctp-izgara-7-1.jpg\" class=\"attachment-full size-full wp-image-31289\" alt=\"GFK-Gitterrost3\" srcset=\"https:\/\/www.tempokompozit.com\/de\/wp-content\/uploads\/2026\/02\/ctp-izgara-7-1.jpg 1200w, https:\/\/www.tempokompozit.com\/de\/wp-content\/uploads\/2026\/02\/ctp-izgara-7-1-200x300.jpg 200w, https:\/\/www.tempokompozit.com\/de\/wp-content\/uploads\/2026\/02\/ctp-izgara-7-1-683x1024.jpg 683w, https:\/\/www.tempokompozit.com\/de\/wp-content\/uploads\/2026\/02\/ctp-izgara-7-1-768x1152.jpg 768w, https:\/\/www.tempokompozit.com\/de\/wp-content\/uploads\/2026\/02\/ctp-izgara-7-1-1024x1536.jpg 1024w\" sizes=\"(max-width: 1200px) 100vw, 1200px\" title=\"\">\t\t\t\t\t\t\t\t\t\t\t\t\t\t\t<\/div>\n\t\t\t\t<\/div>\n\t\t\t\t<\/div>\n\t\t\t\t<\/div>\n\t\t\t\t<\/div>\n\t\t\t\t<\/div>\n\t\t\t\t<\/div>\n\t\t\t\t<\/div>\n\t\t","protected":false},"excerpt":{"rendered":"<p>Gitterroste und Plattformen PRODUKTINFORMATIONEN GFK-Gitterroste und Plattformen sind leicht, korrosionsbest\u00e4ndig, hoch resistent gegen chemische und mechanische Belastungen und gleichzeitig dielektrische Materialien. Sie k\u00f6nnen in verschiedenen Harzsystemen, Farben und Oberfl\u00e4chentypen hergestellt werden, um spezifische Projektanforderungen zu erf\u00fcllen. STANDARD-GITTERROSTE AUS GFK Unsere formgepressten GFK-Standardgitterroste sind in St\u00e4rken von 38 mm und 50 mm erh\u00e4ltlich und k\u00f6nnen je&#8230;<\/p>\n","protected":false},"author":1,"featured_media":0,"parent":31159,"menu_order":0,"comment_status":"closed","ping_status":"closed","template":"elementor_header_footer","meta":{"footnotes":""},"class_list":["post-31161","page","type-page","status-publish","hentry"],"_links":{"self":[{"href":"https:\/\/www.tempokompozit.com\/de\/wp-json\/wp\/v2\/pages\/31161","targetHints":{"allow":["GET"]}}],"collection":[{"href":"https:\/\/www.tempokompozit.com\/de\/wp-json\/wp\/v2\/pages"}],"about":[{"href":"https:\/\/www.tempokompozit.com\/de\/wp-json\/wp\/v2\/types\/page"}],"author":[{"embeddable":true,"href":"https:\/\/www.tempokompozit.com\/de\/wp-json\/wp\/v2\/users\/1"}],"replies":[{"embeddable":true,"href":"https:\/\/www.tempokompozit.com\/de\/wp-json\/wp\/v2\/comments?post=31161"}],"version-history":[{"count":0,"href":"https:\/\/www.tempokompozit.com\/de\/wp-json\/wp\/v2\/pages\/31161\/revisions"}],"up":[{"embeddable":true,"href":"https:\/\/www.tempokompozit.com\/de\/wp-json\/wp\/v2\/pages\/31159"}],"wp:attachment":[{"href":"https:\/\/www.tempokompozit.com\/de\/wp-json\/wp\/v2\/media?parent=31161"}],"curies":[{"name":"wp","href":"https:\/\/api.w.org\/{rel}","templated":true}]}}