{"id":31159,"date":"2026-02-24T03:39:38","date_gmt":"2026-02-24T00:39:38","guid":{"rendered":"https:\/\/www.tempokompozit.com\/de\/?page_id=31159"},"modified":"2026-03-10T21:02:47","modified_gmt":"2026-03-10T18:02:47","slug":"strukturprodukte","status":"publish","type":"page","link":"https:\/\/www.tempokompozit.com\/de\/produkte\/strukturprodukte\/","title":{"rendered":"Strukturprodukte"},"content":{"rendered":"\t\t<div data-elementor-type=\"wp-page\" data-elementor-id=\"31159\" class=\"elementor elementor-31159\">\n\t\t\t\t\r\n\t\t<div class=\"default no-position show_shadow rs-sticky-default elementor-element elementor-element-ef91c0c e-con-full e-flex e-con e-parent\" data-id=\"ef91c0c\" data-element_type=\"container\" data-e-type=\"container\" data-settings=\"{&quot;background_background&quot;:&quot;classic&quot;}\">\n\t\t\r\n\t\t<div class=\"default no-position show_shadow rs-sticky-default elementor-element elementor-element-9bd70fe e-con-full e-flex e-con e-child\" data-id=\"9bd70fe\" data-element_type=\"container\" data-e-type=\"container\">\n\t\t\r\n\t\t<div class=\"default no-position show_shadow rs-sticky-default elementor-element elementor-element-badd3a1 e-con-full e-flex e-con e-child\" data-id=\"badd3a1\" data-element_type=\"container\" data-e-type=\"container\">\n\t\t\r\n\t\t\t\t<div class=\"elementor-element elementor-element-46be46c elementor-widget elementor-widget-rs-heading\" data-id=\"46be46c\" data-element_type=\"widget\" data-e-type=\"widget\" data-widget_type=\"rs-heading.default\">\n\t\t\t\t<div class=\"elementor-widget-container\">\n\t\t\t\t\t\n\t\t<div class=\"prelements-heading default  \">\n\t\t\t<div class=\"title-inner\">\n\t\t\t\t<h2 class=\"title rs-split-text-disable \">Strukturprodukte<\/h2>\n\t\t\t<\/div>\n\t\t\t\t\t<\/div>\n\t\t\t\t<\/div>\n\t\t\t\t<\/div>\n\t\t\t\t<\/div>\n\t\t\t\t<\/div>\n\t\t\r\n\t\t<div class=\"default no-position show_shadow rs-sticky-default elementor-element elementor-element-263148e e-con-full e-flex e-con e-child\" data-id=\"263148e\" data-element_type=\"container\" data-e-type=\"container\">\n\t\t\r\n\t\t<div class=\"default no-position show_shadow rs-sticky-default elementor-element elementor-element-c9b8b03 e-con-full e-flex e-con e-child\" data-id=\"c9b8b03\" data-element_type=\"container\" data-e-type=\"container\">\n\t\t\r\n\t\t<div class=\"default no-position show_shadow rs-sticky-default elementor-element elementor-element-ba6f588 e-con-full e-flex e-con e-child\" data-id=\"ba6f588\" data-element_type=\"container\" data-e-type=\"container\">\n\t\t\r\n\t\t<div class=\"default no-position show_shadow rs-sticky-default elementor-element elementor-element-4ca60a3 e-con-full e-flex e-con e-child\" data-id=\"4ca60a3\" data-element_type=\"container\" data-e-type=\"container\" data-settings=\"{&quot;background_background&quot;:&quot;classic&quot;}\">\n\t\t\r\n\t\t\t\t<div class=\"elementor-element elementor-element-b0f9d46 elementor-widget elementor-widget-text-editor\" data-id=\"b0f9d46\" data-element_type=\"widget\" data-e-type=\"widget\" data-widget_type=\"text-editor.default\">\n\t\t\t\t<div class=\"elementor-widget-container\">\n\t\t\t\t\t\t\t\t\t<div class=\"flex flex-col text-sm\"><article class=\"text-token-text-primary w-full focus:outline-none [--shadow-height:45px] has-data-writing-block:pointer-events-none has-data-writing-block:-mt-(--shadow-height) has-data-writing-block:pt-(--shadow-height) [&amp;:has([data-writing-block])&gt;*]:pointer-events-auto scroll-mt-[calc(var(--header-height)+min(200px,max(70px,20svh)))]\" dir=\"auto\" tabindex=\"-1\" data-turn-id=\"request-WEB:0c6fa50c-9f4a-4ed2-a001-02872415a4c9-53\" data-testid=\"conversation-turn-108\" data-scroll-anchor=\"true\" data-turn=\"assistant\"><div class=\"text-base my-auto mx-auto pb-10 [--thread-content-margin:--spacing(4)] @w-sm\/main:[--thread-content-margin:--spacing(6)] @w-lg\/main:[--thread-content-margin:--spacing(16)] px-(--thread-content-margin)\"><div class=\"[--thread-content-max-width:40rem] @w-lg\/main:[--thread-content-max-width:48rem] mx-auto max-w-(--thread-content-max-width) flex-1 group\/turn-messages focus-visible:outline-hidden relative flex w-full min-w-0 flex-col agent-turn\" tabindex=\"-1\"><div class=\"flex max-w-full flex-col grow\"><div class=\"min-h-8 text-message relative flex w-full flex-col items-end gap-2 text-start break-words whitespace-normal [.text-message+&amp;]:mt-1\" dir=\"auto\" data-message-author-role=\"assistant\" data-message-id=\"a3a9980a-08ce-40ff-8ea0-bcc217714b56\" data-message-model-slug=\"gpt-5-mini\"><div class=\"flex w-full flex-col gap-1 empty:hidden first:pt-[1px]\"><div class=\"markdown prose dark:prose-invert w-full wrap-break-word dark markdown-new-styling\"><p data-start=\"0\" data-end=\"503\" data-is-last-node=\"\" data-is-only-node=\"\">Strukturprodukte umfassen GFK-(glasfaserverst\u00e4rkter Polyester)-Systeml\u00f6sungen, die in Industrieanlagen f\u00fcr sicheren Zugang, Tragf\u00e4higkeit und Schutz eingesetzt werden. Gitter- und Plattformensysteme, Gel\u00e4nderausstattungen, Schiffsleitern und Industrieabdeckungen bieten dank hoher Korrosionsbest\u00e4ndigkeit, leichter Bauweise und langer Lebensdauer eine sichere und wirtschaftliche Leistung auch unter anspruchsvollen Einsatzbedingungen. Kundenspezifische Abmessungen und Designoptionen erm\u00f6glichen ma\u00dfgeschneiderte L\u00f6sungen f\u00fcr unterschiedliche industrielle Anforderungen.<\/p><\/div><\/div><\/div><\/div><\/div><\/div><\/article><\/div>\t\t\t\t\t\t\t\t<\/div>\n\t\t\t\t<\/div>\n\t\t\t\t<\/div>\n\t\t\t\t<\/div>\n\t\t\t\t<\/div>\n\t\t\t\t<\/div>\n\t\t\r\n\t\t<div class=\"default no-position show_shadow rs-sticky-default elementor-element elementor-element-6a5e280 e-flex e-con-boxed e-con e-child\" data-id=\"6a5e280\" data-element_type=\"container\" data-e-type=\"container\">\n\t\t\t\t\t<div class=\"e-con-inner\">\n\t\t\r\n\t\t<div class=\"default no-position show_shadow rs-sticky-default elementor-element elementor-element-53026cf e-con-full e-flex e-con e-child\" data-id=\"53026cf\" data-element_type=\"container\" data-e-type=\"container\">\n\t\t\r\n\t\t<div class=\"default no-position show_shadow rs-sticky-default elementor-element elementor-element-947f7f4 e-con-full e-flex e-con e-child\" data-id=\"947f7f4\" data-element_type=\"container\" data-e-type=\"container\">\n\t\t\r\n\t\t\t\t<div class=\"elementor-element elementor-element-7aa441f animated-slow elementor-invisible elementor-widget elementor-widget-rs-service-slider\" data-id=\"7aa441f\" data-element_type=\"widget\" data-e-type=\"widget\" data-settings=\"{&quot;_animation&quot;:&quot;fadeIn&quot;}\" data-widget_type=\"rs-service-slider.default\">\n\t\t\t\t<div class=\"elementor-widget-container\">\n\t\t\t\t\t        \r\n                <div class=\"rsaddon-unique-slider uni-13438 rs-unique-grid-services\">\r\n            <div class=\"rs-addon-slider rs-services-slider service-style-1 row\">\r\n        \r\n                <div class=\"grid-item col-lg-3 col-md-6\">\r\n    <div class=\"rs-service-slider\">\r\n                    <div class=\"service-img\">\r\n                <img decoding=\"async\" src=\"https:\/\/www.tempokompozit.com\/de\/wp-content\/uploads\/2026\/02\/ctp-izgara-7.jpg\" title=\"GFK-Gitterrost\" alt=\"GFK-Gitterrost\" loading=\"lazy\" \/>            <\/div>\r\n        \r\n        <div class=\"service-title-holder btn_box\">\r\n            <div class=\"service-content-area\">\r\n                                                <div class=\"service-title \">\r\n                    <h3 class=\"title\">\r\n                        <a href=\"https:\/\/www.tempokompozit.com\/de\/produkte\/strukturprodukte\/gitterroste-und-plattformen\/\" >\r\n                             Gitterroste und Plattformen                        <\/a>\r\n                        <\/h3>\r\n                    <\/div>\r\n                            \r\n                                                <div class=\"service-desc\">\r\n                        Dank ihrer Rohstoffe sind GFK-Gitterroste leicht, korrosionsbest\u00e4ndig, chemisch und mechanisch belastbar sowie elektrisch isolierend. Sie werden in verschiedenen Harzsystemen, Farben und Oberfl\u00e4chentypen gefertigt, um spezifische Projektanforderungen zu erf\u00fcllen.                    <\/div>\r\n                                                        <div class=\"numbering number-line\">\r\n                    <span>01<\/span>\r\n                <\/div>\r\n                        <!-- Button Style -->\r\n                        <!-- Button Style End -->\r\n            <\/div>\r\n        <\/div>\r\n    <\/div>\r\n<\/div>                    <div class=\"grid-item col-lg-3 col-md-6\">\r\n    <div class=\"rs-service-slider\">\r\n                    <div class=\"service-img\">\r\n                <img decoding=\"async\" src=\"https:\/\/www.tempokompozit.com\/de\/wp-content\/uploads\/2026\/02\/ctp-depolama-tanki-izmir-tesisi-arc-2.jpg\" title=\"Gel\u00e4ndersysteme\" alt=\"Gel\u00e4ndersysteme\" loading=\"lazy\" \/>            <\/div>\r\n        \r\n        <div class=\"service-title-holder btn_box\">\r\n            <div class=\"service-content-area\">\r\n                                                <div class=\"service-title \">\r\n                    <h3 class=\"title\">\r\n                        <a href=\"https:\/\/www.tempokompozit.com\/de\/produkte\/strukturprodukte\/gelandersysteme\/\" >\r\n                             Gel\u00e4ndersysteme                        <\/a>\r\n                        <\/h3>\r\n                    <\/div>\r\n                            \r\n                                                <div class=\"service-desc\">\r\n                        GFK-Gel\u00e4ndersysteme sind sicherheitstechnische Bauteile, die in Industrieanlagen, Aufbereitungsstrukturen, Plattformen und Laufstegen eingesetzt werden, um die Sicherheit des Personals zu gew\u00e4hrleisten. Wir fertigen langlebige, robuste und projektspezifische GFK-Gel\u00e4nderl\u00f6sungen, die f\u00fcr raue Umgebungsbedingungen ausgelegt sind.                    <\/div>\r\n                                                        <div class=\"numbering number-line\">\r\n                    <span>02<\/span>\r\n                <\/div>\r\n                        <!-- Button Style -->\r\n                        <!-- Button Style End -->\r\n            <\/div>\r\n        <\/div>\r\n    <\/div>\r\n<\/div>                    <div class=\"grid-item col-lg-3 col-md-6\">\r\n    <div class=\"rs-service-slider\">\r\n                    <div class=\"service-img\">\r\n                <img decoding=\"async\" src=\"https:\/\/www.tempokompozit.com\/de\/wp-content\/uploads\/2025\/05\/Endustriyel-Zemin-ve-Yapi-Elemanlari-2.jpg\" title=\"Industrieb\u00f6den und Strukturelemente\" alt=\"Industrieb\u00f6den und Strukturelemente\" loading=\"lazy\" \/>            <\/div>\r\n        \r\n        <div class=\"service-title-holder btn_box\">\r\n            <div class=\"service-content-area\">\r\n                                                <div class=\"service-title \">\r\n                    <h3 class=\"title\">\r\n                        <a href=\"https:\/\/www.tempokompozit.com\/de\/produkte\/strukturprodukte\/schiffsleitern\/\" >\r\n                             Schiffsleitern                        <\/a>\r\n                        <\/h3>\r\n                    <\/div>\r\n                            \r\n                                                <div class=\"service-desc\">\r\n                        GFK-Schiffsleitern sind vertikale Zugangssysteme, die in Industrieanlagen, Aufbereitungsstrukturen, Tanks, T\u00fcrmen und anderen Bereichen eingesetzt werden, in denen ein sicherer Auf- und Abstieg erforderlich ist. Wir fertigen langlebige, projektspezifische GFK-Schiffsleitern, die f\u00fcr raue Einsatzbedingungen ausgelegt sind.                    <\/div>\r\n                                                        <div class=\"numbering number-line\">\r\n                    <span>03<\/span>\r\n                <\/div>\r\n                        <!-- Button Style -->\r\n                        <!-- Button Style End -->\r\n            <\/div>\r\n        <\/div>\r\n    <\/div>\r\n<\/div>                    <div class=\"grid-item col-lg-3 col-md-6\">\r\n    <div class=\"rs-service-slider\">\r\n                    <div class=\"service-img\">\r\n                <img decoding=\"async\" src=\"https:\/\/www.tempokompozit.com\/de\/wp-content\/uploads\/2026\/02\/2-ctp-kapak.jpg\" title=\"GFK-Abdeckung\" alt=\"GFK-Abdeckung\" loading=\"lazy\" \/>            <\/div>\r\n        \r\n        <div class=\"service-title-holder btn_box\">\r\n            <div class=\"service-content-area\">\r\n                                                <div class=\"service-title \">\r\n                    <h3 class=\"title\">\r\n                        <a href=\"https:\/\/www.tempokompozit.com\/de\/produkte\/strukturprodukte\/industrieabdeckungen\/\" >\r\n                             Industrieabdeckungen                        <\/a>\r\n                        <\/h3>\r\n                    <\/div>\r\n                            \r\n                                                <div class=\"service-desc\">\r\n                        Industrielle GFK-Abdeckungen sind strukturelle Bauteile, die Aufbereitungsanlagen, Infrastrukturprojekte, Schacht\u00f6ffnungen und technische Kammern sicher, dicht und dauerhaft verschlie\u00dfen. Wir entwerfen und fertigen GFK-Abdeckungen in Kolben-, Scharnier- und Festtyp-Ausf\u00fchrung, die f\u00fcr unterschiedliche Lastklassen geeignet sind.                    <\/div>\r\n                                                        <div class=\"numbering number-line\">\r\n                    <span>04<\/span>\r\n                <\/div>\r\n                        <!-- Button Style -->\r\n                        <!-- Button Style End -->\r\n            <\/div>\r\n        <\/div>\r\n    <\/div>\r\n<\/div>                            <\/div>\r\n                    <\/div>\r\n        \t\t\t\t<\/div>\n\t\t\t\t<\/div>\n\t\t\t\t<\/div>\n\t\t\t\t<\/div>\n\t\t\t\t\t<\/div>\n\t\t\t\t<\/div>\n\t\t\r\n\t\t<div class=\"default no-position show_shadow rs-sticky-default elementor-element elementor-element-8bc5494 e-con-full e-flex e-con e-child\" data-id=\"8bc5494\" data-element_type=\"container\" data-e-type=\"container\">\n\t\t\t\t<\/div>\n\t\t\t\t<\/div>\n\t\t\t\t<\/div>\n\t\t","protected":false},"excerpt":{"rendered":"<p>Strukturprodukte Strukturprodukte umfassen GFK-(glasfaserverst\u00e4rkter Polyester)-Systeml\u00f6sungen, die in Industrieanlagen f\u00fcr sicheren Zugang, Tragf\u00e4higkeit und Schutz eingesetzt werden. Gitter- und Plattformensysteme, Gel\u00e4nderausstattungen, Schiffsleitern und Industrieabdeckungen bieten dank hoher Korrosionsbest\u00e4ndigkeit, leichter Bauweise und langer Lebensdauer eine sichere und wirtschaftliche Leistung auch unter anspruchsvollen Einsatzbedingungen. Kundenspezifische Abmessungen und Designoptionen erm\u00f6glichen ma\u00dfgeschneiderte L\u00f6sungen f\u00fcr unterschiedliche industrielle Anforderungen. Gitterroste und Plattformen&#8230;<\/p>\n","protected":false},"author":1,"featured_media":0,"parent":30588,"menu_order":0,"comment_status":"closed","ping_status":"closed","template":"elementor_header_footer","meta":{"footnotes":""},"class_list":["post-31159","page","type-page","status-publish","hentry"],"_links":{"self":[{"href":"https:\/\/www.tempokompozit.com\/de\/wp-json\/wp\/v2\/pages\/31159","targetHints":{"allow":["GET"]}}],"collection":[{"href":"https:\/\/www.tempokompozit.com\/de\/wp-json\/wp\/v2\/pages"}],"about":[{"href":"https:\/\/www.tempokompozit.com\/de\/wp-json\/wp\/v2\/types\/page"}],"author":[{"embeddable":true,"href":"https:\/\/www.tempokompozit.com\/de\/wp-json\/wp\/v2\/users\/1"}],"replies":[{"embeddable":true,"href":"https:\/\/www.tempokompozit.com\/de\/wp-json\/wp\/v2\/comments?post=31159"}],"version-history":[{"count":0,"href":"https:\/\/www.tempokompozit.com\/de\/wp-json\/wp\/v2\/pages\/31159\/revisions"}],"up":[{"embeddable":true,"href":"https:\/\/www.tempokompozit.com\/de\/wp-json\/wp\/v2\/pages\/30588"}],"wp:attachment":[{"href":"https:\/\/www.tempokompozit.com\/de\/wp-json\/wp\/v2\/media?parent=31159"}],"curies":[{"name":"wp","href":"https:\/\/api.w.org\/{rel}","templated":true}]}}