{"id":31075,"date":"2026-02-24T03:22:54","date_gmt":"2026-02-24T00:22:54","guid":{"rendered":"https:\/\/www.tempokompozit.com\/de\/?page_id=31075"},"modified":"2026-03-10T20:54:19","modified_gmt":"2026-03-10T17:54:19","slug":"lamellenklarer","status":"publish","type":"page","link":"https:\/\/www.tempokompozit.com\/de\/produkte\/umwelttechnische-systemlosungen\/lamellenklarer\/","title":{"rendered":"Lamellenkl\u00e4rer"},"content":{"rendered":"\t\t<div data-elementor-type=\"wp-page\" data-elementor-id=\"31075\" class=\"elementor elementor-31075\">\n\t\t\t\t\r\n\t\t<div class=\"default no-position show_shadow rs-sticky-default elementor-element elementor-element-4b6cc1a e-con-full e-flex e-con e-parent\" data-id=\"4b6cc1a\" data-element_type=\"container\" data-e-type=\"container\" data-settings=\"{&quot;background_background&quot;:&quot;classic&quot;}\">\n\t\t\r\n\t\t<div class=\"default no-position show_shadow rs-sticky-default elementor-element elementor-element-135a0b6 e-con-full e-flex e-con e-child\" data-id=\"135a0b6\" data-element_type=\"container\" data-e-type=\"container\">\n\t\t\r\n\t\t<div class=\"default no-position show_shadow rs-sticky-default elementor-element elementor-element-1c77a03 e-con-full e-flex e-con e-child\" data-id=\"1c77a03\" data-element_type=\"container\" data-e-type=\"container\">\n\t\t\t\t<\/div>\n\t\t\t\t<\/div>\n\t\t\r\n\t\t<div class=\"default no-position show_shadow rs-sticky-default elementor-element elementor-element-817b41a e-con-full e-flex e-con e-child\" data-id=\"817b41a\" data-element_type=\"container\" data-e-type=\"container\">\n\t\t\r\n\t\t<div class=\"default no-position show_shadow rs-sticky-default elementor-element elementor-element-2a76faf e-con-full e-flex e-con e-child\" data-id=\"2a76faf\" data-element_type=\"container\" data-e-type=\"container\" data-settings=\"{&quot;background_background&quot;:&quot;classic&quot;}\">\n\t\t\r\n\t\t<div class=\"default no-position show_shadow rs-sticky-default elementor-element elementor-element-a6ed8be e-con-full e-flex e-con e-child\" data-id=\"a6ed8be\" data-element_type=\"container\" data-e-type=\"container\">\n\t\t\r\n\t\t\t\t<div class=\"elementor-element elementor-element-825a159 elementor-widget elementor-widget-rs-heading\" data-id=\"825a159\" data-element_type=\"widget\" data-e-type=\"widget\" data-widget_type=\"rs-heading.default\">\n\t\t\t\t<div class=\"elementor-widget-container\">\n\t\t\t\t\t\n\t\t<div class=\"prelements-heading default  \">\n\t\t\t<div class=\"title-inner\">\n\t\t\t\t<h2 class=\"title rs-split-text-disable \">Lamellenkl\u00e4rer<\/h2>\n\t\t\t<\/div>\n\t\t\t\t\t<\/div>\n\t\t\t\t<\/div>\n\t\t\t\t<\/div>\n\t\t\t\t<\/div>\n\t\t\t\t<\/div>\n\t\t\t\t<\/div>\n\t\t\r\n\t\t<div class=\"default no-position show_shadow rs-sticky-default elementor-element elementor-element-e6cfb15 e-con-full e-flex e-con e-child\" data-id=\"e6cfb15\" data-element_type=\"container\" data-e-type=\"container\">\n\t\t\t\t<\/div>\n\t\t\r\n\t\t<div class=\"default no-position show_shadow rs-sticky-default elementor-element elementor-element-04a29df e-con-full e-flex e-con e-child\" data-id=\"04a29df\" data-element_type=\"container\" data-e-type=\"container\">\n\t\t\r\n\t\t<div class=\"default no-position show_shadow rs-sticky-default elementor-element elementor-element-55aad88 e-con-full e-flex e-con e-child\" data-id=\"55aad88\" data-element_type=\"container\" data-e-type=\"container\">\n\t\t\r\n\t\t<div class=\"default no-position show_shadow rs-sticky-default elementor-element elementor-element-66aef1d e-con-full e-flex e-con e-child\" data-id=\"66aef1d\" data-element_type=\"container\" data-e-type=\"container\">\n\t\t\r\n\t\t<div class=\"default no-position show_shadow rs-sticky-default elementor-element elementor-element-32f56d6 e-con-full e-flex e-con e-child\" data-id=\"32f56d6\" data-element_type=\"container\" data-e-type=\"container\" data-settings=\"{&quot;background_background&quot;:&quot;classic&quot;}\">\n\t\t\r\n\t\t\t\t<div class=\"elementor-element elementor-element-8d18772 elementor-widget elementor-widget-heading\" data-id=\"8d18772\" data-element_type=\"widget\" data-e-type=\"widget\" data-widget_type=\"heading.default\">\n\t\t\t\t<div class=\"elementor-widget-container\">\n\t\t\t\t\t<h6 class=\"elementor-heading-title elementor-size-default\">PRODUKTINFORMATIONEN<\/h6>\t\t\t\t<\/div>\n\t\t\t\t<\/div>\n\t\t\t\t<\/div>\n\t\t\r\n\t\t<div class=\"default no-position show_shadow rs-sticky-default elementor-element elementor-element-cb1bd1c e-con-full e-flex e-con e-child\" data-id=\"cb1bd1c\" data-element_type=\"container\" data-e-type=\"container\" data-settings=\"{&quot;background_background&quot;:&quot;classic&quot;}\">\n\t\t\r\n\t\t\t\t<div class=\"elementor-element elementor-element-a2fe4ad elementor-widget elementor-widget-text-editor\" data-id=\"a2fe4ad\" data-element_type=\"widget\" data-e-type=\"widget\" data-widget_type=\"text-editor.default\">\n\t\t\t\t<div class=\"elementor-widget-container\">\n\t\t\t\t\t\t\t\t\t<p data-start=\"0\" data-end=\"442\">Die Lamellentechnologie ist eine effektive L\u00f6sung, die in Wasser- und Abwasserbehandlungssystemen f\u00fcr Sedimentations- und Flotationsprozesse eingesetzt wird. Durch die Aufrechterhaltung laminaren Flie\u00dfverhaltens verbessert sie die Qualit\u00e4t des Abwassers. Das kompakte Design nutzt das Tankvolumen effizient und spart Platz. In unserem Unternehmen werden die Lamellen aus korrosionsbest\u00e4ndigem, leichtem und langlebigem GFK-Material gefertigt.<\/p><p data-start=\"444\" data-end=\"741\" data-is-last-node=\"\" data-is-only-node=\"\">Lamellen reduzieren nicht nur die Investitionskosten, sondern erh\u00f6hen auch die Effizienz. Durch die Vergr\u00f6\u00dferung der effektiven Fl\u00e4che erreicht die Lamellentechnologie eine hohe Leistungsf\u00e4higkeit. Ihr gr\u00f6\u00dfter Vorteil besteht darin, mit relativ geringen Investitionen hohe Kapazit\u00e4ten zu erzielen.<\/p>\t\t\t\t\t\t\t\t<\/div>\n\t\t\t\t<\/div>\n\t\t\t\t<\/div>\n\t\t\t\t<\/div>\n\t\t\r\n\t\t<div class=\"default no-position show_shadow rs-sticky-default elementor-element elementor-element-4d26726 e-con-full e-flex e-con e-child\" data-id=\"4d26726\" data-element_type=\"container\" data-e-type=\"container\">\n\t\t\r\n\t\t<div class=\"default no-position show_shadow rs-sticky-default elementor-element elementor-element-cc805ff e-con-full e-flex e-con e-child\" data-id=\"cc805ff\" data-element_type=\"container\" data-e-type=\"container\" data-settings=\"{&quot;background_background&quot;:&quot;classic&quot;}\">\n\t\t\r\n\t\t\t\t<div class=\"elementor-element elementor-element-08b971d elementor-widget elementor-widget-heading\" data-id=\"08b971d\" data-element_type=\"widget\" data-e-type=\"widget\" data-widget_type=\"heading.default\">\n\t\t\t\t<div class=\"elementor-widget-container\">\n\t\t\t\t\t<h6 class=\"elementor-heading-title elementor-size-default\">TECHNISCHE SPEZIFIKATIONEN<\/h6>\t\t\t\t<\/div>\n\t\t\t\t<\/div>\n\t\t\t\t<\/div>\n\t\t\r\n\t\t<div class=\"default no-position show_shadow rs-sticky-default elementor-element elementor-element-0d947f2 e-con-full e-flex e-con e-child\" data-id=\"0d947f2\" data-element_type=\"container\" data-e-type=\"container\" data-settings=\"{&quot;background_background&quot;:&quot;classic&quot;}\">\n\t\t\r\n\t\t\t\t<div class=\"elementor-element elementor-element-daaced2 elementor-widget elementor-widget-text-editor\" data-id=\"daaced2\" data-element_type=\"widget\" data-e-type=\"widget\" data-widget_type=\"text-editor.default\">\n\t\t\t\t<div class=\"elementor-widget-container\">\n\t\t\t\t\t\t\t\t\t<p data-start=\"0\" data-end=\"84\">\u2022 Langlebiger und best\u00e4ndiger im Vergleich zu Alternativen aus anderen Materialien<\/p><p data-start=\"86\" data-end=\"149\">\u2022 Leicht; ein Lamellenblock 1000\u00d71000\u00d71000\u202fmm wiegt ca. 45\u202fkg<\/p><p data-start=\"151\" data-end=\"196\">\u2022 1\u202fm\u00b3 GFK-Lamellen bietet 60\u202fm\u00b2 Oberfl\u00e4che<\/p><p data-start=\"198\" data-end=\"260\">\u2022 Umgeben von einem GFK-Rahmen, der ein Verbiegen verhindert<\/p><p data-start=\"262\" data-end=\"350\">\u2022 Platten sind mit GFK laminiert, enthalten keinen Stahl und bestehen zu 100\u202f% aus GFK<\/p><p data-start=\"352\" data-end=\"422\">\u2022 Auf den Bl\u00f6cken angebrachte Stahlb\u00e4nder erleichtern die Handhabung<\/p><p data-start=\"424\" data-end=\"553\">\u2022 Auf Sonderwunsch mit s\u00e4urebest\u00e4ndigen, hochchemikalienbest\u00e4ndigen, trinkwasser- und lebensmitteltauglichen Harzen herstellbar<\/p><p data-start=\"555\" data-end=\"659\" data-is-last-node=\"\" data-is-only-node=\"\">\u2022 Kein zus\u00e4tzlicher Edelstahlrahmen erforderlich, da die Lamellen einen integrierten GFK-Rahmen besitzen<\/p>\t\t\t\t\t\t\t\t<\/div>\n\t\t\t\t<\/div>\n\t\t\t\t<\/div>\n\t\t\t\t<\/div>\n\t\t\r\n\t\t<div class=\"default no-position show_shadow rs-sticky-default elementor-element elementor-element-79e4117 e-con-full e-flex e-con e-child\" data-id=\"79e4117\" data-element_type=\"container\" data-e-type=\"container\">\n\t\t\r\n\t\t<div class=\"default no-position show_shadow rs-sticky-default elementor-element elementor-element-0f323a8 e-con-full e-flex e-con e-child\" data-id=\"0f323a8\" data-element_type=\"container\" data-e-type=\"container\" data-settings=\"{&quot;background_background&quot;:&quot;classic&quot;}\">\n\t\t\r\n\t\t\t\t<div class=\"elementor-element elementor-element-d733c01 elementor-widget elementor-widget-heading\" data-id=\"d733c01\" data-element_type=\"widget\" data-e-type=\"widget\" data-widget_type=\"heading.default\">\n\t\t\t\t<div class=\"elementor-widget-container\">\n\t\t\t\t\t<h6 class=\"elementor-heading-title elementor-size-default\">VORTEILE<\/h6>\t\t\t\t<\/div>\n\t\t\t\t<\/div>\n\t\t\t\t<\/div>\n\t\t\r\n\t\t<div class=\"default no-position show_shadow rs-sticky-default elementor-element elementor-element-46c6cc2 e-con-full e-flex e-con e-child\" data-id=\"46c6cc2\" data-element_type=\"container\" data-e-type=\"container\" data-settings=\"{&quot;background_background&quot;:&quot;classic&quot;}\">\n\t\t\r\n\t\t\t\t<div class=\"elementor-element elementor-element-7789eaf elementor-widget elementor-widget-text-editor\" data-id=\"7789eaf\" data-element_type=\"widget\" data-e-type=\"widget\" data-widget_type=\"text-editor.default\">\n\t\t\t\t<div class=\"elementor-widget-container\">\n\t\t\t\t\t\t\t\t\t<p data-start=\"0\" data-end=\"77\">\u2022 Kompaktes Design erm\u00f6glicht Sedimentationstanks mit kleinerer Stellfl\u00e4che<\/p><p data-start=\"79\" data-end=\"183\">\u2022 Erh\u00f6ht die effektive Absetzfl\u00e4che im Vergleich zu herk\u00f6mmlichen Sedimentationstanks um das Dreifache<\/p><p data-start=\"185\" data-end=\"236\">\u2022 Wartungsfrei durch das Fehlen beweglicher Teile<\/p><p data-start=\"238\" data-end=\"324\">\u2022 Kompaktes Design erm\u00f6glicht kosteneffiziente L\u00f6sungen mit geringeren Investitionen<\/p><p data-start=\"326\" data-end=\"351\">\u2022 Einfache Installation<\/p><p data-start=\"353\" data-end=\"418\">\u2022 Homogenes Str\u00f6mungsverhalten verhindert Kurzschlussstr\u00f6mungen<\/p><p data-start=\"420\" data-end=\"532\" data-is-last-node=\"\" data-is-only-node=\"\">\u2022 Betrieb unter laminaren Flie\u00dfbedingungen verhindert Schlammabwuchs und gew\u00e4hrleistet eine effiziente Absetzung<\/p>\t\t\t\t\t\t\t\t<\/div>\n\t\t\t\t<\/div>\n\t\t\t\t<\/div>\n\t\t\t\t<\/div>\n\t\t\r\n\t\t<div class=\"default no-position show_shadow rs-sticky-default elementor-element elementor-element-0c37442 e-con-full e-flex e-con e-child\" data-id=\"0c37442\" data-element_type=\"container\" data-e-type=\"container\">\n\t\t\r\n\t\t<div class=\"default no-position show_shadow rs-sticky-default elementor-element elementor-element-811f1cb e-con-full e-flex e-con e-child\" data-id=\"811f1cb\" data-element_type=\"container\" data-e-type=\"container\" data-settings=\"{&quot;background_background&quot;:&quot;classic&quot;}\">\n\t\t\r\n\t\t\t\t<div class=\"elementor-element elementor-element-b7d0d57 elementor-widget elementor-widget-heading\" data-id=\"b7d0d57\" data-element_type=\"widget\" data-e-type=\"widget\" data-widget_type=\"heading.default\">\n\t\t\t\t<div class=\"elementor-widget-container\">\n\t\t\t\t\t<h6 class=\"elementor-heading-title elementor-size-default\">ANWENDUNGSBEREICHE<\/h6>\t\t\t\t<\/div>\n\t\t\t\t<\/div>\n\t\t\t\t<\/div>\n\t\t\r\n\t\t<div class=\"default no-position show_shadow rs-sticky-default elementor-element elementor-element-6eb0ceb e-con-full e-flex e-con e-child\" data-id=\"6eb0ceb\" data-element_type=\"container\" data-e-type=\"container\" data-settings=\"{&quot;background_background&quot;:&quot;classic&quot;}\">\n\t\t\r\n\t\t\t\t<div class=\"elementor-element elementor-element-5717d13 elementor-widget elementor-widget-text-editor\" data-id=\"5717d13\" data-element_type=\"widget\" data-e-type=\"widget\" data-widget_type=\"text-editor.default\">\n\t\t\t\t<div class=\"elementor-widget-container\">\n\t\t\t\t\t\t\t\t\t<p data-start=\"0\" data-end=\"92\">\u2022 Lamellenmodule werden h\u00e4ufig in Trinkwasser- und Abwasserbehandlungssystemen eingesetzt.<\/p><p data-start=\"94\" data-end=\"272\">\u2022 Lamellensysteme bieten effektive L\u00f6sungen in kompakten Aufbereitungsanlagen und erm\u00f6glichen modulare Behandlungsl\u00f6sungen f\u00fcr unterschiedliche Wasser- und Abwasseranwendungen.<\/p><p data-start=\"274\" data-end=\"470\" data-is-last-node=\"\" data-is-only-node=\"\">\u2022 Besonders in biologischen Sedimentationssystemen werden Lamellenmodule zunehmend eingesetzt, um die Schlammsedimentation zu verbessern, was zu h\u00f6herer Kapazit\u00e4t und gesteigerter Effizienz f\u00fchrt.<\/p>\t\t\t\t\t\t\t\t<\/div>\n\t\t\t\t<\/div>\n\t\t\t\t<\/div>\n\t\t\t\t<\/div>\n\t\t\r\n\t\t\t\t<div class=\"elementor-element elementor-element-11f6136 elementor-align-center elementor-widget elementor-widget-button\" data-id=\"11f6136\" data-element_type=\"widget\" data-e-type=\"widget\" data-widget_type=\"button.default\">\n\t\t\t\t<div class=\"elementor-widget-container\">\n\t\t\t\t\t\t\t\t\t<div class=\"elementor-button-wrapper\">\n\t\t\t\t\t<a class=\"elementor-button elementor-button-link elementor-size-sm elementor-animation-grow\" href=\"https:\/\/www.tempokompozit.com\/de\/kontakt\/\">\n\t\t\t\t\t\t<span class=\"elementor-button-content-wrapper\">\n\t\t\t\t\t\t\t\t\t<span class=\"elementor-button-text\">Angebot Anfordern<\/span>\n\t\t\t\t\t<\/span>\n\t\t\t\t\t<\/a>\n\t\t\t\t<\/div>\n\t\t\t\t\t\t\t\t<\/div>\n\t\t\t\t<\/div>\n\t\t\t\t<\/div>\n\t\t\r\n\t\t<div class=\"default no-position show_shadow rs-sticky-default elementor-element elementor-element-840cfb8 e-con-full e-flex e-con e-child\" data-id=\"840cfb8\" data-element_type=\"container\" data-e-type=\"container\">\n\t\t\r\n\t\t<div class=\"default no-position show_shadow rs-sticky-default elementor-element elementor-element-676ab32 e-con-full e-flex e-con e-child\" data-id=\"676ab32\" data-element_type=\"container\" data-e-type=\"container\">\n\t\t\r\n\t\t<div class=\"default no-position show_shadow rs-sticky-default elementor-element elementor-element-8cf946d e-con-full e-flex e-con e-child\" data-id=\"8cf946d\" data-element_type=\"container\" data-e-type=\"container\" data-settings=\"{&quot;background_background&quot;:&quot;classic&quot;}\">\n\t\t\r\n\t\t\t\t<div class=\"elementor-element elementor-element-4054a55 elementor-widget elementor-widget-heading\" data-id=\"4054a55\" data-element_type=\"widget\" data-e-type=\"widget\" data-widget_type=\"heading.default\">\n\t\t\t\t<div class=\"elementor-widget-container\">\n\t\t\t\t\t<h6 class=\"elementor-heading-title elementor-size-default\">BILDER<\/h6>\t\t\t\t<\/div>\n\t\t\t\t<\/div>\n\t\t\t\t<\/div>\n\t\t\r\n\t\t<div class=\"default no-position show_shadow rs-sticky-default elementor-element elementor-element-fe0eb86 e-con-full e-flex e-con e-child\" data-id=\"fe0eb86\" data-element_type=\"container\" data-e-type=\"container\" data-settings=\"{&quot;background_background&quot;:&quot;classic&quot;}\">\n\t\t\r\n\t\t\t\t<div class=\"elementor-element elementor-element-5eccb87 elementor-widget elementor-widget-image\" data-id=\"5eccb87\" data-element_type=\"widget\" data-e-type=\"widget\" data-widget_type=\"image.default\">\n\t\t\t\t<div class=\"elementor-widget-container\">\n\t\t\t\t\t\t\t\t\t\t\t\t\t\t\t<img fetchpriority=\"high\" decoding=\"async\" width=\"1200\" height=\"1800\" src=\"https:\/\/www.tempokompozit.com\/de\/wp-content\/uploads\/2026\/02\/ctp-lamella-5.jpg\" class=\"attachment-full size-full wp-image-31124\" alt=\"GFK-Lamellen2\" srcset=\"https:\/\/www.tempokompozit.com\/de\/wp-content\/uploads\/2026\/02\/ctp-lamella-5.jpg 1200w, https:\/\/www.tempokompozit.com\/de\/wp-content\/uploads\/2026\/02\/ctp-lamella-5-200x300.jpg 200w, https:\/\/www.tempokompozit.com\/de\/wp-content\/uploads\/2026\/02\/ctp-lamella-5-683x1024.jpg 683w, https:\/\/www.tempokompozit.com\/de\/wp-content\/uploads\/2026\/02\/ctp-lamella-5-768x1152.jpg 768w, https:\/\/www.tempokompozit.com\/de\/wp-content\/uploads\/2026\/02\/ctp-lamella-5-1024x1536.jpg 1024w\" sizes=\"(max-width: 1200px) 100vw, 1200px\" title=\"\">\t\t\t\t\t\t\t\t\t\t\t\t\t\t\t<\/div>\n\t\t\t\t<\/div>\n\t\t\t\t<\/div>\n\t\t\t\t<\/div>\n\t\t\r\n\t\t<div class=\"default no-position show_shadow rs-sticky-default elementor-element elementor-element-8077c25 e-con-full e-flex e-con e-child\" data-id=\"8077c25\" data-element_type=\"container\" data-e-type=\"container\">\n\t\t\r\n\t\t<div class=\"default no-position show_shadow rs-sticky-default elementor-element elementor-element-da42dae e-con-full e-flex e-con e-child\" data-id=\"da42dae\" data-element_type=\"container\" data-e-type=\"container\" data-settings=\"{&quot;background_background&quot;:&quot;classic&quot;}\">\n\t\t\r\n\t\t\t\t<div class=\"elementor-element elementor-element-23db393 elementor-widget elementor-widget-image\" data-id=\"23db393\" data-element_type=\"widget\" data-e-type=\"widget\" data-widget_type=\"image.default\">\n\t\t\t\t<div class=\"elementor-widget-container\">\n\t\t\t\t\t\t\t\t\t\t\t\t\t\t\t<img decoding=\"async\" width=\"1200\" height=\"1800\" src=\"https:\/\/www.tempokompozit.com\/de\/wp-content\/uploads\/2026\/02\/ctp-lamella-4.jpg\" class=\"attachment-full size-full wp-image-31125\" alt=\"GFK-Lamellen\" srcset=\"https:\/\/www.tempokompozit.com\/de\/wp-content\/uploads\/2026\/02\/ctp-lamella-4.jpg 1200w, https:\/\/www.tempokompozit.com\/de\/wp-content\/uploads\/2026\/02\/ctp-lamella-4-200x300.jpg 200w, https:\/\/www.tempokompozit.com\/de\/wp-content\/uploads\/2026\/02\/ctp-lamella-4-683x1024.jpg 683w, https:\/\/www.tempokompozit.com\/de\/wp-content\/uploads\/2026\/02\/ctp-lamella-4-768x1152.jpg 768w, https:\/\/www.tempokompozit.com\/de\/wp-content\/uploads\/2026\/02\/ctp-lamella-4-1024x1536.jpg 1024w\" sizes=\"(max-width: 1200px) 100vw, 1200px\" title=\"\">\t\t\t\t\t\t\t\t\t\t\t\t\t\t\t<\/div>\n\t\t\t\t<\/div>\n\t\t\t\t<\/div>\n\t\t\t\t<\/div>\n\t\t\t\t<\/div>\n\t\t\t\t<\/div>\n\t\t\t\t<\/div>\n\t\t\t\t<\/div>\n\t\t","protected":false},"excerpt":{"rendered":"<p>Lamellenkl\u00e4rer PRODUKTINFORMATIONEN Die Lamellentechnologie ist eine effektive L\u00f6sung, die in Wasser- und Abwasserbehandlungssystemen f\u00fcr Sedimentations- und Flotationsprozesse eingesetzt wird. Durch die Aufrechterhaltung laminaren Flie\u00dfverhaltens verbessert sie die Qualit\u00e4t des Abwassers. Das kompakte Design nutzt das Tankvolumen effizient und spart Platz. In unserem Unternehmen werden die Lamellen aus korrosionsbest\u00e4ndigem, leichtem und langlebigem GFK-Material gefertigt. Lamellen reduzieren&#8230;<\/p>\n","protected":false},"author":1,"featured_media":0,"parent":31061,"menu_order":0,"comment_status":"closed","ping_status":"closed","template":"elementor_header_footer","meta":{"footnotes":""},"class_list":["post-31075","page","type-page","status-publish","hentry"],"_links":{"self":[{"href":"https:\/\/www.tempokompozit.com\/de\/wp-json\/wp\/v2\/pages\/31075","targetHints":{"allow":["GET"]}}],"collection":[{"href":"https:\/\/www.tempokompozit.com\/de\/wp-json\/wp\/v2\/pages"}],"about":[{"href":"https:\/\/www.tempokompozit.com\/de\/wp-json\/wp\/v2\/types\/page"}],"author":[{"embeddable":true,"href":"https:\/\/www.tempokompozit.com\/de\/wp-json\/wp\/v2\/users\/1"}],"replies":[{"embeddable":true,"href":"https:\/\/www.tempokompozit.com\/de\/wp-json\/wp\/v2\/comments?post=31075"}],"version-history":[{"count":0,"href":"https:\/\/www.tempokompozit.com\/de\/wp-json\/wp\/v2\/pages\/31075\/revisions"}],"up":[{"embeddable":true,"href":"https:\/\/www.tempokompozit.com\/de\/wp-json\/wp\/v2\/pages\/31061"}],"wp:attachment":[{"href":"https:\/\/www.tempokompozit.com\/de\/wp-json\/wp\/v2\/media?parent=31075"}],"curies":[{"name":"wp","href":"https:\/\/api.w.org\/{rel}","templated":true}]}}