{"id":31069,"date":"2026-02-24T03:05:52","date_gmt":"2026-02-24T00:05:52","guid":{"rendered":"https:\/\/www.tempokompozit.com\/de\/?page_id=31069"},"modified":"2026-03-10T20:55:20","modified_gmt":"2026-03-10T17:55:20","slug":"geruchsbeseitigungssysteme-scrubber-aktivkohle-chemisch-biologisch","status":"publish","type":"page","link":"https:\/\/www.tempokompozit.com\/de\/produkte\/umwelttechnische-systemlosungen\/geruchsbeseitigungssysteme-scrubber-aktivkohle-chemisch-biologisch\/","title":{"rendered":"Geruchsbeseitigungssysteme (Scrubber \u2022 Aktivkohle \u2022 Chemisch \u2022 Biologisch)"},"content":{"rendered":"\t\t<div data-elementor-type=\"wp-page\" data-elementor-id=\"31069\" class=\"elementor elementor-31069\">\n\t\t\t\t\r\n\t\t<div class=\"default no-position show_shadow rs-sticky-default elementor-element elementor-element-4b6cc1a e-con-full e-flex e-con e-parent\" data-id=\"4b6cc1a\" data-element_type=\"container\" data-e-type=\"container\" data-settings=\"{&quot;background_background&quot;:&quot;classic&quot;}\">\n\t\t\r\n\t\t<div class=\"default no-position show_shadow rs-sticky-default elementor-element elementor-element-135a0b6 e-con-full e-flex e-con e-child\" data-id=\"135a0b6\" data-element_type=\"container\" data-e-type=\"container\">\n\t\t\r\n\t\t<div class=\"default no-position show_shadow rs-sticky-default elementor-element elementor-element-1c77a03 e-con-full e-flex e-con e-child\" data-id=\"1c77a03\" data-element_type=\"container\" data-e-type=\"container\">\n\t\t\t\t<\/div>\n\t\t\t\t<\/div>\n\t\t\r\n\t\t<div class=\"default no-position show_shadow rs-sticky-default elementor-element elementor-element-817b41a e-con-full e-flex e-con e-child\" data-id=\"817b41a\" data-element_type=\"container\" data-e-type=\"container\">\n\t\t\r\n\t\t<div class=\"default no-position show_shadow rs-sticky-default elementor-element elementor-element-2a76faf e-con-full e-flex e-con e-child\" data-id=\"2a76faf\" data-element_type=\"container\" data-e-type=\"container\" data-settings=\"{&quot;background_background&quot;:&quot;classic&quot;}\">\n\t\t\r\n\t\t<div class=\"default no-position show_shadow rs-sticky-default elementor-element elementor-element-a6ed8be e-con-full e-flex e-con e-child\" data-id=\"a6ed8be\" data-element_type=\"container\" data-e-type=\"container\">\n\t\t\r\n\t\t\t\t<div class=\"elementor-element elementor-element-825a159 elementor-widget elementor-widget-rs-heading\" data-id=\"825a159\" data-element_type=\"widget\" data-e-type=\"widget\" data-widget_type=\"rs-heading.default\">\n\t\t\t\t<div class=\"elementor-widget-container\">\n\t\t\t\t\t\n\t\t<div class=\"prelements-heading default  \">\n\t\t\t<div class=\"title-inner\">\n\t\t\t\t<h2 class=\"title rs-split-text-disable \">Geruchsbeseitigungssysteme (Scrubber \u2022 Aktivkohle \u2022 Chemisch \u2022 Biologisch)<\/h2>\n\t\t\t<\/div>\n\t\t\t\t\t<\/div>\n\t\t\t\t<\/div>\n\t\t\t\t<\/div>\n\t\t\t\t<\/div>\n\t\t\t\t<\/div>\n\t\t\t\t<\/div>\n\t\t\r\n\t\t<div class=\"default no-position show_shadow rs-sticky-default elementor-element elementor-element-e6cfb15 e-con-full e-flex e-con e-child\" data-id=\"e6cfb15\" data-element_type=\"container\" data-e-type=\"container\">\n\t\t\t\t<\/div>\n\t\t\r\n\t\t<div class=\"default no-position show_shadow rs-sticky-default elementor-element elementor-element-04a29df e-con-full e-flex e-con e-child\" data-id=\"04a29df\" data-element_type=\"container\" data-e-type=\"container\">\n\t\t\r\n\t\t<div class=\"default no-position show_shadow rs-sticky-default elementor-element elementor-element-55aad88 e-con-full e-flex e-con e-child\" data-id=\"55aad88\" data-element_type=\"container\" data-e-type=\"container\">\n\t\t\r\n\t\t<div class=\"default no-position show_shadow rs-sticky-default elementor-element elementor-element-66aef1d e-con-full e-flex e-con e-child\" data-id=\"66aef1d\" data-element_type=\"container\" data-e-type=\"container\">\n\t\t\r\n\t\t<div class=\"default no-position show_shadow rs-sticky-default elementor-element elementor-element-32f56d6 e-con-full e-flex e-con e-child\" data-id=\"32f56d6\" data-element_type=\"container\" data-e-type=\"container\" data-settings=\"{&quot;background_background&quot;:&quot;classic&quot;}\">\n\t\t\r\n\t\t\t\t<div class=\"elementor-element elementor-element-8d18772 elementor-widget elementor-widget-heading\" data-id=\"8d18772\" data-element_type=\"widget\" data-e-type=\"widget\" data-widget_type=\"heading.default\">\n\t\t\t\t<div class=\"elementor-widget-container\">\n\t\t\t\t\t<h6 class=\"elementor-heading-title elementor-size-default\">PRODUKTINFORMATIONEN<\/h6>\t\t\t\t<\/div>\n\t\t\t\t<\/div>\n\t\t\t\t<\/div>\n\t\t\r\n\t\t<div class=\"default no-position show_shadow rs-sticky-default elementor-element elementor-element-cb1bd1c e-con-full e-flex e-con e-child\" data-id=\"cb1bd1c\" data-element_type=\"container\" data-e-type=\"container\" data-settings=\"{&quot;background_background&quot;:&quot;classic&quot;}\">\n\t\t\r\n\t\t\t\t<div class=\"elementor-element elementor-element-a2fe4ad elementor-widget elementor-widget-text-editor\" data-id=\"a2fe4ad\" data-element_type=\"widget\" data-e-type=\"widget\" data-widget_type=\"text-editor.default\">\n\t\t\t\t<div class=\"elementor-widget-container\">\n\t\t\t\t\t\t\t\t\t<p data-start=\"0\" data-end=\"373\">Die Kontrolle industrieller Gasemissionen ist von entscheidender Bedeutung f\u00fcr die Umweltvertr\u00e4glichkeit und die Einhaltung gesetzlicher Vorschriften. Bei Tempo Kompozit nutzen wir unsere 40-j\u00e4hrige Erfahrung auf diesem Gebiet, um leistungsstarke GFK-Scrubber, Aktivkohlefilter, biologische Behandlungs- und chemische Gasaufbereitungssysteme zu entwickeln und herzustellen.<\/p><p data-start=\"375\" data-end=\"798\">Geruchsbeseitigungssysteme sind unverzichtbare Umwelttechnologien zur Kontrolle sch\u00e4dlicher und unangenehmer Gase, die in Kl\u00e4ranlagen und industriellen Prozessen entstehen. Bei Tempo Kompozit entwerfen, fertigen und liefern wir schl\u00fcsselfertige, auf GFK-K\u00f6rper basierende Nass-, Trocken-, chemische und biologische Geruchsbeseitigungssysteme, die an unterschiedliche Gascharakteristiken und Durchflussmengen angepasst sind.<\/p><p data-start=\"800\" data-end=\"1170\">Scrubber-Systeme (Nass-Typ) erm\u00f6glichen die Abscheidung von Gasen wie H\u2082S, SO\u2082, NH\u2083 und sauren Verbindungen durch Kontakt mit einer Fl\u00fcssigkeit. Mit hocheffizienten Packmaterialien und chemisch best\u00e4ndigen GFK-K\u00f6rpern k\u00f6nnen Abscheidewirkungsgrade von 95\u201398\u202f% erreicht werden. Systeme k\u00f6nnen je nach Prozessanforderung mit oder ohne chemische Dosierung ausgelegt werden.<\/p><p data-start=\"1172\" data-end=\"1552\">Aktivkohle-Systeme (Trocken-Typ) basieren haupts\u00e4chlich auf Aktivkohle und werden bevorzugt bei kontinuierlichen Geruchsproblemen mit niedrigem bis mittlerem Durchfluss eingesetzt. Organische Verbindungen und unangenehme Ger\u00fcche werden an der Kohlenstoffoberfl\u00e4che adsorbiert und der Umgebung entzogen. Das kompakte Design erm\u00f6glicht eine einfache Installation in beengten R\u00e4umen.<\/p><p data-start=\"1554\" data-end=\"1870\">Chemische Geruchsbeseitigungssysteme werden in Anlagen mit aggressiven und variablen Gaskonzentrationen eingesetzt. Gase werden durch kontrollierte chemische Reaktionen neutralisiert. Sie bieten hohe Effizienz, insbesondere f\u00fcr Gase mit H\u2082S- und NH\u2083-Gehalten, und k\u00f6nnen in Automatisierungssysteme integriert werden.<\/p><p data-start=\"1872\" data-end=\"2106\">Biologische Geruchsbeseitigungssysteme nutzen Mikroorganismen zur Zersetzung der Gase. Diese umweltfreundlichen Systeme haben geringe Betriebskosten und bieten ideale L\u00f6sungen f\u00fcr Emissionen mit konstantem Durchfluss und langer Dauer.<\/p><p data-start=\"2108\" data-end=\"2534\" data-is-last-node=\"\" data-is-only-node=\"\">Alle Geruchsbeseitigungssysteme werden kundenspezifisch basierend auf Gasdurchfluss, Schadstoffbelastung und Standortbedingungen ausgelegt. Die GFK-K\u00f6rper bieten hohe Korrosionsbest\u00e4ndigkeit, lange Lebensdauer und geringen Wartungsaufwand, was deutliche Vorteile gegen\u00fcber Metallalternativen bietet. Unsere Systeme werden sicher in kommunalen Einrichtungen, Kl\u00e4ranlagen, Industrieanlagen und Infrastrukturprojekten eingesetzt.<\/p>\t\t\t\t\t\t\t\t<\/div>\n\t\t\t\t<\/div>\n\t\t\t\t<\/div>\n\t\t\t\t<\/div>\n\t\t\r\n\t\t<div class=\"default no-position show_shadow rs-sticky-default elementor-element elementor-element-79e4117 e-con-full e-flex e-con e-child\" data-id=\"79e4117\" data-element_type=\"container\" data-e-type=\"container\">\n\t\t\r\n\t\t<div class=\"default no-position show_shadow rs-sticky-default elementor-element elementor-element-0f323a8 e-con-full e-flex e-con e-child\" data-id=\"0f323a8\" data-element_type=\"container\" data-e-type=\"container\" data-settings=\"{&quot;background_background&quot;:&quot;classic&quot;}\">\n\t\t\r\n\t\t\t\t<div class=\"elementor-element elementor-element-d733c01 elementor-widget elementor-widget-heading\" data-id=\"d733c01\" data-element_type=\"widget\" data-e-type=\"widget\" data-widget_type=\"heading.default\">\n\t\t\t\t<div class=\"elementor-widget-container\">\n\t\t\t\t\t<h6 class=\"elementor-heading-title elementor-size-default\">VORTEILE<\/h6>\t\t\t\t<\/div>\n\t\t\t\t<\/div>\n\t\t\t\t<\/div>\n\t\t\r\n\t\t<div class=\"default no-position show_shadow rs-sticky-default elementor-element elementor-element-46c6cc2 e-con-full e-flex e-con e-child\" data-id=\"46c6cc2\" data-element_type=\"container\" data-e-type=\"container\" data-settings=\"{&quot;background_background&quot;:&quot;classic&quot;}\">\n\t\t\r\n\t\t\t\t<div class=\"elementor-element elementor-element-7789eaf elementor-widget elementor-widget-text-editor\" data-id=\"7789eaf\" data-element_type=\"widget\" data-e-type=\"widget\" data-widget_type=\"text-editor.default\">\n\t\t\t\t<div class=\"elementor-widget-container\">\n\t\t\t\t\t\t\t\t\t<p data-start=\"0\" data-end=\"66\">\u2022 Hohe Geruchsbeseitigungsleistung (Wirkungsgrad bis zu 95\u201398\u202f%)<\/p><p data-start=\"68\" data-end=\"147\">\u2022 \u00dcberlegene chemische und korrosionsbest\u00e4ndige Eigenschaften dank GFK-K\u00f6rper<\/p><p data-start=\"149\" data-end=\"245\">\u2022 Nass-, Trocken-, chemische und biologische Systemoptionen, angepasst an Prozessanforderungen<\/p><p data-start=\"247\" data-end=\"295\">\u2022 Lange Lebensdauer und geringe Wartungskosten<\/p><p data-start=\"297\" data-end=\"333\">\u2022 Platzsparendes, kompaktes Design<\/p><p data-start=\"335\" data-end=\"397\">\u2022 Integration in Automatisierungs- und Dosiersysteme m\u00f6glich<\/p><p data-start=\"399\" data-end=\"459\" data-is-last-node=\"\" data-is-only-node=\"\">\u2022 Einhaltung von Umweltvorschriften und Emissionsgrenzwerten<\/p>\t\t\t\t\t\t\t\t<\/div>\n\t\t\t\t<\/div>\n\t\t\t\t<\/div>\n\t\t\t\t<\/div>\n\t\t\r\n\t\t\t\t<div class=\"elementor-element elementor-element-11f6136 elementor-align-center elementor-widget elementor-widget-button\" data-id=\"11f6136\" data-element_type=\"widget\" data-e-type=\"widget\" data-widget_type=\"button.default\">\n\t\t\t\t<div class=\"elementor-widget-container\">\n\t\t\t\t\t\t\t\t\t<div class=\"elementor-button-wrapper\">\n\t\t\t\t\t<a class=\"elementor-button elementor-button-link elementor-size-sm elementor-animation-grow\" href=\"https:\/\/www.tempokompozit.com\/de\/kontakt\/\">\n\t\t\t\t\t\t<span class=\"elementor-button-content-wrapper\">\n\t\t\t\t\t\t\t\t\t<span class=\"elementor-button-text\">Angebot Anfordern<\/span>\n\t\t\t\t\t<\/span>\n\t\t\t\t\t<\/a>\n\t\t\t\t<\/div>\n\t\t\t\t\t\t\t\t<\/div>\n\t\t\t\t<\/div>\n\t\t\t\t<\/div>\n\t\t\r\n\t\t<div class=\"default no-position show_shadow rs-sticky-default elementor-element elementor-element-840cfb8 e-con-full e-flex e-con e-child\" data-id=\"840cfb8\" data-element_type=\"container\" data-e-type=\"container\">\n\t\t\r\n\t\t<div class=\"default no-position show_shadow rs-sticky-default elementor-element elementor-element-676ab32 e-con-full e-flex e-con e-child\" data-id=\"676ab32\" data-element_type=\"container\" data-e-type=\"container\">\n\t\t\r\n\t\t<div class=\"default no-position show_shadow rs-sticky-default elementor-element elementor-element-8cf946d e-con-full e-flex e-con e-child\" data-id=\"8cf946d\" data-element_type=\"container\" data-e-type=\"container\" data-settings=\"{&quot;background_background&quot;:&quot;classic&quot;}\">\n\t\t\r\n\t\t\t\t<div class=\"elementor-element elementor-element-4054a55 elementor-widget elementor-widget-heading\" data-id=\"4054a55\" data-element_type=\"widget\" data-e-type=\"widget\" data-widget_type=\"heading.default\">\n\t\t\t\t<div class=\"elementor-widget-container\">\n\t\t\t\t\t<h6 class=\"elementor-heading-title elementor-size-default\">BILDER<\/h6>\t\t\t\t<\/div>\n\t\t\t\t<\/div>\n\t\t\t\t<\/div>\n\t\t\r\n\t\t<div class=\"default no-position show_shadow rs-sticky-default elementor-element elementor-element-fe0eb86 e-con-full e-flex e-con e-child\" data-id=\"fe0eb86\" data-element_type=\"container\" data-e-type=\"container\" data-settings=\"{&quot;background_background&quot;:&quot;classic&quot;}\">\n\t\t\r\n\t\t\t\t<div class=\"elementor-element elementor-element-5eccb87 elementor-widget elementor-widget-image\" data-id=\"5eccb87\" data-element_type=\"widget\" data-e-type=\"widget\" data-widget_type=\"image.default\">\n\t\t\t\t<div class=\"elementor-widget-container\">\n\t\t\t\t\t\t\t\t\t\t\t\t\t\t\t<img fetchpriority=\"high\" decoding=\"async\" width=\"1200\" height=\"1800\" src=\"https:\/\/www.tempokompozit.com\/de\/wp-content\/uploads\/2026\/02\/ctp-scrubber-ve-corulama-2.jpg\" class=\"attachment-full size-full wp-image-31105\" alt=\"Geruchskontrollsysteme\" srcset=\"https:\/\/www.tempokompozit.com\/de\/wp-content\/uploads\/2026\/02\/ctp-scrubber-ve-corulama-2.jpg 1200w, https:\/\/www.tempokompozit.com\/de\/wp-content\/uploads\/2026\/02\/ctp-scrubber-ve-corulama-2-200x300.jpg 200w, https:\/\/www.tempokompozit.com\/de\/wp-content\/uploads\/2026\/02\/ctp-scrubber-ve-corulama-2-683x1024.jpg 683w, https:\/\/www.tempokompozit.com\/de\/wp-content\/uploads\/2026\/02\/ctp-scrubber-ve-corulama-2-768x1152.jpg 768w, https:\/\/www.tempokompozit.com\/de\/wp-content\/uploads\/2026\/02\/ctp-scrubber-ve-corulama-2-1024x1536.jpg 1024w\" sizes=\"(max-width: 1200px) 100vw, 1200px\" title=\"\">\t\t\t\t\t\t\t\t\t\t\t\t\t\t\t<\/div>\n\t\t\t\t<\/div>\n\t\t\t\t<\/div>\n\t\t\t\t<\/div>\n\t\t\r\n\t\t<div class=\"default no-position show_shadow rs-sticky-default elementor-element elementor-element-8077c25 e-con-full e-flex e-con e-child\" data-id=\"8077c25\" data-element_type=\"container\" data-e-type=\"container\">\n\t\t\r\n\t\t<div class=\"default no-position show_shadow rs-sticky-default elementor-element elementor-element-da42dae e-con-full e-flex e-con e-child\" data-id=\"da42dae\" data-element_type=\"container\" data-e-type=\"container\" data-settings=\"{&quot;background_background&quot;:&quot;classic&quot;}\">\n\t\t\r\n\t\t\t\t<div class=\"elementor-element elementor-element-23db393 elementor-widget elementor-widget-image\" data-id=\"23db393\" data-element_type=\"widget\" data-e-type=\"widget\" data-widget_type=\"image.default\">\n\t\t\t\t<div class=\"elementor-widget-container\">\n\t\t\t\t\t\t\t\t\t\t\t\t\t\t\t<img decoding=\"async\" width=\"1200\" height=\"1800\" src=\"https:\/\/www.tempokompozit.com\/de\/wp-content\/uploads\/2026\/02\/ctp-scrubber-ve-corulama-6-1.jpg\" class=\"attachment-full size-full wp-image-31258\" alt=\"GFK-Lager3\" srcset=\"https:\/\/www.tempokompozit.com\/de\/wp-content\/uploads\/2026\/02\/ctp-scrubber-ve-corulama-6-1.jpg 1200w, https:\/\/www.tempokompozit.com\/de\/wp-content\/uploads\/2026\/02\/ctp-scrubber-ve-corulama-6-1-200x300.jpg 200w, https:\/\/www.tempokompozit.com\/de\/wp-content\/uploads\/2026\/02\/ctp-scrubber-ve-corulama-6-1-683x1024.jpg 683w, https:\/\/www.tempokompozit.com\/de\/wp-content\/uploads\/2026\/02\/ctp-scrubber-ve-corulama-6-1-768x1152.jpg 768w, https:\/\/www.tempokompozit.com\/de\/wp-content\/uploads\/2026\/02\/ctp-scrubber-ve-corulama-6-1-1024x1536.jpg 1024w\" sizes=\"(max-width: 1200px) 100vw, 1200px\" title=\"\">\t\t\t\t\t\t\t\t\t\t\t\t\t\t\t<\/div>\n\t\t\t\t<\/div>\n\t\t\t\t<\/div>\n\t\t\t\t<\/div>\n\t\t\t\t<\/div>\n\t\t\t\t<\/div>\n\t\t\t\t<\/div>\n\t\t\t\t<\/div>\n\t\t","protected":false},"excerpt":{"rendered":"<p>Geruchsbeseitigungssysteme (Scrubber \u2022 Aktivkohle \u2022 Chemisch \u2022 Biologisch) PRODUKTINFORMATIONEN Die Kontrolle industrieller Gasemissionen ist von entscheidender Bedeutung f\u00fcr die Umweltvertr\u00e4glichkeit und die Einhaltung gesetzlicher Vorschriften. Bei Tempo Kompozit nutzen wir unsere 40-j\u00e4hrige Erfahrung auf diesem Gebiet, um leistungsstarke GFK-Scrubber, Aktivkohlefilter, biologische Behandlungs- und chemische Gasaufbereitungssysteme zu entwickeln und herzustellen. Geruchsbeseitigungssysteme sind unverzichtbare Umwelttechnologien zur Kontrolle&#8230;<\/p>\n","protected":false},"author":1,"featured_media":0,"parent":31061,"menu_order":0,"comment_status":"closed","ping_status":"closed","template":"elementor_header_footer","meta":{"footnotes":""},"class_list":["post-31069","page","type-page","status-publish","hentry"],"_links":{"self":[{"href":"https:\/\/www.tempokompozit.com\/de\/wp-json\/wp\/v2\/pages\/31069","targetHints":{"allow":["GET"]}}],"collection":[{"href":"https:\/\/www.tempokompozit.com\/de\/wp-json\/wp\/v2\/pages"}],"about":[{"href":"https:\/\/www.tempokompozit.com\/de\/wp-json\/wp\/v2\/types\/page"}],"author":[{"embeddable":true,"href":"https:\/\/www.tempokompozit.com\/de\/wp-json\/wp\/v2\/users\/1"}],"replies":[{"embeddable":true,"href":"https:\/\/www.tempokompozit.com\/de\/wp-json\/wp\/v2\/comments?post=31069"}],"version-history":[{"count":0,"href":"https:\/\/www.tempokompozit.com\/de\/wp-json\/wp\/v2\/pages\/31069\/revisions"}],"up":[{"embeddable":true,"href":"https:\/\/www.tempokompozit.com\/de\/wp-json\/wp\/v2\/pages\/31061"}],"wp:attachment":[{"href":"https:\/\/www.tempokompozit.com\/de\/wp-json\/wp\/v2\/media?parent=31069"}],"curies":[{"name":"wp","href":"https:\/\/api.w.org\/{rel}","templated":true}]}}