{"id":31061,"date":"2026-02-24T03:03:49","date_gmt":"2026-02-24T00:03:49","guid":{"rendered":"https:\/\/www.tempokompozit.com\/de\/?page_id=31061"},"modified":"2026-03-10T20:56:16","modified_gmt":"2026-03-10T17:56:16","slug":"umwelttechnische-systemlosungen","status":"publish","type":"page","link":"https:\/\/www.tempokompozit.com\/de\/produkte\/umwelttechnische-systemlosungen\/","title":{"rendered":"Umwelttechnische Systeml\u00f6sungen"},"content":{"rendered":"\t\t<div data-elementor-type=\"wp-page\" data-elementor-id=\"31061\" class=\"elementor elementor-31061\">\n\t\t\t\t\r\n\t\t<div class=\"default no-position show_shadow rs-sticky-default elementor-element elementor-element-4b6cc1a e-con-full e-flex e-con e-parent\" data-id=\"4b6cc1a\" data-element_type=\"container\" data-e-type=\"container\" data-settings=\"{&quot;background_background&quot;:&quot;classic&quot;}\">\n\t\t\r\n\t\t<div class=\"default no-position show_shadow rs-sticky-default elementor-element elementor-element-135a0b6 e-con-full e-flex e-con e-child\" data-id=\"135a0b6\" data-element_type=\"container\" data-e-type=\"container\">\n\t\t\r\n\t\t<div class=\"default no-position show_shadow rs-sticky-default elementor-element elementor-element-a6ed8be e-con-full e-flex e-con e-child\" data-id=\"a6ed8be\" data-element_type=\"container\" data-e-type=\"container\">\n\t\t\r\n\t\t\t\t<div class=\"elementor-element elementor-element-825a159 elementor-widget elementor-widget-rs-heading\" data-id=\"825a159\" data-element_type=\"widget\" data-e-type=\"widget\" data-widget_type=\"rs-heading.default\">\n\t\t\t\t<div class=\"elementor-widget-container\">\n\t\t\t\t\t\n\t\t<div class=\"prelements-heading default  \">\n\t\t\t<div class=\"title-inner\">\n\t\t\t\t<h2 class=\"title rs-split-text-disable \">Umwelttechnische Systeml\u00f6sungen<\/h2>\n\t\t\t<\/div>\n\t\t\t\t\t<\/div>\n\t\t\t\t<\/div>\n\t\t\t\t<\/div>\n\t\t\t\t<\/div>\n\t\t\t\t<\/div>\n\t\t\r\n\t\t<div class=\"default no-position show_shadow rs-sticky-default elementor-element elementor-element-1ecaec9 e-con-full e-flex e-con e-child\" data-id=\"1ecaec9\" data-element_type=\"container\" data-e-type=\"container\">\n\t\t\r\n\t\t<div class=\"default no-position show_shadow rs-sticky-default elementor-element elementor-element-e58de72 e-con-full e-flex e-con e-child\" data-id=\"e58de72\" data-element_type=\"container\" data-e-type=\"container\">\n\t\t\r\n\t\t<div class=\"default no-position show_shadow rs-sticky-default elementor-element elementor-element-e6a6490 e-con-full e-flex e-con e-child\" data-id=\"e6a6490\" data-element_type=\"container\" data-e-type=\"container\">\n\t\t\r\n\t\t<div class=\"default no-position show_shadow rs-sticky-default elementor-element elementor-element-4bc8e71 e-con-full e-flex e-con e-child\" data-id=\"4bc8e71\" data-element_type=\"container\" data-e-type=\"container\" data-settings=\"{&quot;background_background&quot;:&quot;classic&quot;}\">\n\t\t\r\n\t\t\t\t<div class=\"elementor-element elementor-element-3991e5e elementor-widget elementor-widget-text-editor\" data-id=\"3991e5e\" data-element_type=\"widget\" data-e-type=\"widget\" data-widget_type=\"text-editor.default\">\n\t\t\t\t<div class=\"elementor-widget-container\">\n\t\t\t\t\t\t\t\t\t<p>Umwelttechnische Systeme sind GFK-basierte Ingenieurl\u00f6sungen, die entwickelt wurden, um Gase, Fl\u00fcssigkeiten und Abf\u00e4lle in Aufbereitungsanlagen und Industrieprozessen sicher, effizient und dauerhaft zu behandeln. Entschwefelungstanks, Geruchskontrollsysteme, vorgefertigte Pumpstationen, Lamellenmodule und Abdeckungsl\u00f6sungen gew\u00e4hrleisten zuverl\u00e4ssige Leistung unter anspruchsvollen Einsatzbedingungen und bieten hohe Korrosionsbest\u00e4ndigkeit bei geringem Wartungsaufwand.<\/p>\t\t\t\t\t\t\t\t<\/div>\n\t\t\t\t<\/div>\n\t\t\t\t<\/div>\n\t\t\t\t<\/div>\n\t\t\t\t<\/div>\n\t\t\t\t<\/div>\n\t\t\r\n\t\t<div class=\"default no-position show_shadow rs-sticky-default elementor-element elementor-element-aeb19bb e-flex e-con-boxed e-con e-child\" data-id=\"aeb19bb\" data-element_type=\"container\" data-e-type=\"container\">\n\t\t\t\t\t<div class=\"e-con-inner\">\n\t\t\r\n\t\t<div class=\"default no-position show_shadow rs-sticky-default elementor-element elementor-element-04a29df e-con-full e-flex e-con e-child\" data-id=\"04a29df\" data-element_type=\"container\" data-e-type=\"container\">\n\t\t\r\n\t\t<div class=\"default no-position show_shadow rs-sticky-default elementor-element elementor-element-55aad88 e-con-full e-flex e-con e-child\" data-id=\"55aad88\" data-element_type=\"container\" data-e-type=\"container\">\n\t\t\r\n\t\t\t\t<div class=\"elementor-element elementor-element-5b2f399 animated-slow elementor-invisible elementor-widget elementor-widget-rs-service-slider\" data-id=\"5b2f399\" data-element_type=\"widget\" data-e-type=\"widget\" data-settings=\"{&quot;_animation&quot;:&quot;fadeIn&quot;}\" data-widget_type=\"rs-service-slider.default\">\n\t\t\t\t<div class=\"elementor-widget-container\">\n\t\t\t\t\t        \r\n                <div class=\"rsaddon-unique-slider uni-8952 rs-unique-grid-services\">\r\n            <div class=\"rs-addon-slider rs-services-slider service-style-1 row\">\r\n        \r\n                <div class=\"grid-item col-lg-4 col-md-6\">\r\n    <div class=\"rs-service-slider\">\r\n                    <div class=\"service-img\">\r\n                <img decoding=\"async\" src=\"https:\/\/www.tempokompozit.com\/de\/wp-content\/uploads\/2026\/02\/desulfurizasyon-tanklari-afyon-enerji-biogaz-santrali-armatech-1.jpg\" title=\"Entschwefelungs Tanks\" alt=\"Entschwefelungs Tanks\" loading=\"lazy\" \/>            <\/div>\r\n        \r\n        <div class=\"service-title-holder btn_box\">\r\n            <div class=\"service-content-area\">\r\n                                                <div class=\"service-title \">\r\n                    <h3 class=\"title\">\r\n                        <a href=\"https:\/\/www.tempokompozit.com\/de\/produkte\/umwelttechnische-systemlosungen\/entschwefelungstanks\/\" >\r\n                             Entschwefelungstanks                        <\/a>\r\n                        <\/h3>\r\n                    <\/div>\r\n                            \r\n                                                <div class=\"service-desc\">\r\n                        Als Unternehmen mit fundierter Expertise in den Funktionsprinzipien von Behandlungssystemen \u00fcbernehmen wir bei der Herstellung von GFK-Beh\u00e4ltern f\u00fcr Entschwefelungstanks \u2013 die erst seit Kurzem in unserem Land zunehmend eingesetzt werden \u2013 eine aktive Rolle bei der Weiterentwicklung der Anwendung und der Sicherstellung einer effizienten Systemleistung, anstatt lediglich als Hersteller zu agieren.                    <\/div>\r\n                                                        <div class=\"numbering number-line\">\r\n                    <span>01<\/span>\r\n                <\/div>\r\n                        <!-- Button Style -->\r\n                        <!-- Button Style End -->\r\n            <\/div>\r\n        <\/div>\r\n    <\/div>\r\n<\/div>                    <div class=\"grid-item col-lg-4 col-md-6\">\r\n    <div class=\"rs-service-slider\">\r\n                    <div class=\"service-img\">\r\n                <img decoding=\"async\" src=\"https:\/\/www.tempokompozit.com\/de\/wp-content\/uploads\/2026\/02\/ctp-scrubber-ve-corulama-2-1.jpg\" title=\"Rohrleitungssysteme2\" alt=\"Rohrleitungssysteme2\" loading=\"lazy\" \/>            <\/div>\r\n        \r\n        <div class=\"service-title-holder btn_box\">\r\n            <div class=\"service-content-area\">\r\n                                                <div class=\"service-title \">\r\n                    <h3 class=\"title\">\r\n                        <a href=\"https:\/\/www.tempokompozit.com\/de\/produkte\/umwelttechnische-systemlosungen\/geruchsbeseitigungssysteme-scrubber-aktivkohle-chemisch-biologisch\/\" >\r\n                             Geruchsbeseitigungssysteme                        <\/a>\r\n                        <\/h3>\r\n                    <\/div>\r\n                            \r\n                                                <div class=\"service-desc\">\r\n                        Die Kontrolle industrieller Gasemissionen ist f\u00fcr die \u00f6kologische Nachhaltigkeit und die Einhaltung gesetzlicher Vorschriften von entscheidender Bedeutung. Wir entwerfen und fertigen leistungsstarke GFK-W\u00e4scher, Aktivkohlefiltersysteme, biologische Aufbereitungseinheiten und chemische Gasbehandlungssysteme.                    <\/div>\r\n                                                        <div class=\"numbering number-line\">\r\n                    <span>02<\/span>\r\n                <\/div>\r\n                        <!-- Button Style -->\r\n                        <!-- Button Style End -->\r\n            <\/div>\r\n        <\/div>\r\n    <\/div>\r\n<\/div>                    <div class=\"grid-item col-lg-4 col-md-6\">\r\n    <div class=\"rs-service-slider\">\r\n                    <div class=\"service-img\">\r\n                <img decoding=\"async\" src=\"https:\/\/www.tempokompozit.com\/de\/wp-content\/uploads\/2025\/05\/1-koku-giderim-scrubber-ve-borulama-giresun-atiksu-aritma-tesisi-intas_mass.jpg\" title=\"GFK-Scrubber und Rohrleitungen \u2013 Kl\u00e4ranlage Giresun\" alt=\"GFK-Scrubber und Rohrleitungen \u2013 Kl\u00e4ranlage Giresun\" loading=\"lazy\" \/>            <\/div>\r\n        \r\n        <div class=\"service-title-holder btn_box\">\r\n            <div class=\"service-content-area\">\r\n                                                <div class=\"service-title \">\r\n                    <h3 class=\"title\">\r\n                        <a href=\"https:\/\/www.tempokompozit.com\/de\/produkte\/umwelttechnische-systemlosungen\/fertige-pumpstationen\/\" >\r\n                             Fertige Pumpstationen                        <\/a>\r\n                        <\/h3>\r\n                    <\/div>\r\n                            \r\n                                                <div class=\"service-desc\">\r\n                        Vorgefertigte Pumpstationen sind kompakte Systeme, die Abwasser und Regenwasser an h\u00f6here Ebenen f\u00f6rdern, wo ein Schwerkraftfluss nicht m\u00f6glich ist, und so einen kontrollierten und sicheren Betrieb gew\u00e4hrleisten. Wir fertigen GFK-gefertigte, vorgefertigte Pumpstationen, die projektspezifisch an die Anforderungen angepasst werden.                    <\/div>\r\n                                                        <div class=\"numbering number-line\">\r\n                    <span>03<\/span>\r\n                <\/div>\r\n                        <!-- Button Style -->\r\n                        <!-- Button Style End -->\r\n            <\/div>\r\n        <\/div>\r\n    <\/div>\r\n<\/div>                    <div class=\"grid-item col-lg-4 col-md-6\">\r\n    <div class=\"rs-service-slider\">\r\n                    <div class=\"service-img\">\r\n                <img decoding=\"async\" src=\"https:\/\/www.tempokompozit.com\/de\/wp-content\/uploads\/2026\/02\/koku-giderim-scrubber-ve-borulama-buski-icme-suyu-aritma-tesisi-YSF-1.jpg\" title=\"Rohrleitungssysteme\" alt=\"Rohrleitungssysteme\" loading=\"lazy\" \/>            <\/div>\r\n        \r\n        <div class=\"service-title-holder btn_box\">\r\n            <div class=\"service-content-area\">\r\n                                                <div class=\"service-title \">\r\n                    <h3 class=\"title\">\r\n                        <a href=\"https:\/\/www.tempokompozit.com\/de\/produkte\/umwelttechnische-systemlosungen\/rohrleitungssysteme\/\" >\r\n                             Rohrleitungssysteme                        <\/a>\r\n                        <\/h3>\r\n                    <\/div>\r\n                            \r\n                                                <div class=\"service-desc\">\r\n                        GFK-Rohre werden vor allem wegen ihrer hohen Best\u00e4ndigkeit gegen\u00fcber korrosiven Umgebungen, ihres ergonomischen Designs, der leichten Bauweise und ihrer langen Lebensdauer bevorzugt. Es gibt verschiedene Arten von GFK-Rohrsystemen. Durch die Auswahl geeigneter Harzsysteme k\u00f6nnen Rohre gefertigt werden, die best\u00e4ndig gegen Reinluftleitungen, Hochtemperaturbedingungen oder stark saure Umgebungen sind.                    <\/div>\r\n                                                        <div class=\"numbering number-line\">\r\n                    <span>04<\/span>\r\n                <\/div>\r\n                        <!-- Button Style -->\r\n                        <!-- Button Style End -->\r\n            <\/div>\r\n        <\/div>\r\n    <\/div>\r\n<\/div>                    <div class=\"grid-item col-lg-4 col-md-6\">\r\n    <div class=\"rs-service-slider\">\r\n                    <div class=\"service-img\">\r\n                <img decoding=\"async\" src=\"https:\/\/www.tempokompozit.com\/de\/wp-content\/uploads\/2026\/02\/ctp-lamella-4.jpg\" title=\"GFK-Lamellen\" alt=\"GFK-Lamellen\" loading=\"lazy\" \/>            <\/div>\r\n        \r\n        <div class=\"service-title-holder btn_box\">\r\n            <div class=\"service-content-area\">\r\n                                                <div class=\"service-title \">\r\n                    <h3 class=\"title\">\r\n                        <a href=\"https:\/\/www.tempokompozit.com\/de\/produkte\/umwelttechnische-systemlosungen\/lamellenklarer\/\" >\r\n                             Lamellenkl\u00e4rer                        <\/a>\r\n                        <\/h3>\r\n                    <\/div>\r\n                            \r\n                                                <div class=\"service-desc\">\r\n                        Die Lamellentechnologie ist eine effektive L\u00f6sung, die in Wasser- und Abwasserbehandlungssystemen f\u00fcr Sedimentations- und Flotationsprozesse eingesetzt wird. Durch die Aufrechterhaltung laminaren Flie\u00dfverhaltens verbessert sie die Qualit\u00e4t des Abwassers. Das kompakte Design nutzt das Tankvolumen effizient und spart Platz. In unserem Unternehmen werden die Lamellen aus korrosionsbest\u00e4ndigem, leichtem und langlebigem GFK-Material gefertigt.                    <\/div>\r\n                                                        <div class=\"numbering number-line\">\r\n                    <span>05<\/span>\r\n                <\/div>\r\n                        <!-- Button Style -->\r\n                        <!-- Button Style End -->\r\n            <\/div>\r\n        <\/div>\r\n    <\/div>\r\n<\/div>                    <div class=\"grid-item col-lg-4 col-md-6\">\r\n    <div class=\"rs-service-slider\">\r\n                    <div class=\"service-img\">\r\n                <img decoding=\"async\" src=\"https:\/\/www.tempokompozit.com\/de\/wp-content\/uploads\/2026\/02\/6-ctp-savak-ve-perde.jpg\" title=\"\u00dcberlaufwehre und Tauchw\u00e4nde2\" alt=\"\u00dcberlaufwehre und Tauchw\u00e4nde2\" loading=\"lazy\" \/>            <\/div>\r\n        \r\n        <div class=\"service-title-holder btn_box\">\r\n            <div class=\"service-content-area\">\r\n                                                <div class=\"service-title \">\r\n                    <h3 class=\"title\">\r\n                        <a href=\"https:\/\/www.tempokompozit.com\/de\/produkte\/umwelttechnische-systemlosungen\/wehre-und-tauchvorhange\/\" >\r\n                             Wehre und Tauchvorh\u00e4nge                        <\/a>\r\n                        <\/h3>\r\n                    <\/div>\r\n                            \r\n                                                <div class=\"service-desc\">\r\n                        GFK-Schwellen und Tauchvorh\u00e4nge sind wichtige Ausr\u00fcstungen in Aufbereitungsanlagen, die den Wasserfluss kontrolliert lenken, den Pegel ausgleichen und verhindern, dass schwimmende Partikel in unerw\u00fcnschte Bereiche gelangen. Bei Tempo Kompozit fertigen wir kundenspezifische GFK-Schwellen- und Tauchvorhangsysteme, die an unterschiedliche Tanktypen und hydraulische Bedingungen angepasst sind.                    <\/div>\r\n                                                        <div class=\"numbering number-line\">\r\n                    <span>06<\/span>\r\n                <\/div>\r\n                        <!-- Button Style -->\r\n                        <!-- Button Style End -->\r\n            <\/div>\r\n        <\/div>\r\n    <\/div>\r\n<\/div>                            <\/div>\r\n                    <\/div>\r\n        \t\t\t\t<\/div>\n\t\t\t\t<\/div>\n\t\t\t\t<\/div>\n\t\t\t\t<\/div>\n\t\t\t\t\t<\/div>\n\t\t\t\t<\/div>\n\t\t\r\n\t\t<div class=\"default no-position show_shadow rs-sticky-default elementor-element elementor-element-6d57a1c e-flex e-con-boxed e-con e-child\" data-id=\"6d57a1c\" data-element_type=\"container\" data-e-type=\"container\">\n\t\t\t\t\t<div class=\"e-con-inner\">\n\t\t\t\t\t<\/div>\n\t\t\t\t<\/div>\n\t\t\t\t<\/div>\n\t\t\t\t<\/div>\n\t\t","protected":false},"excerpt":{"rendered":"<p>Umwelttechnische Systeml\u00f6sungen Umwelttechnische Systeme sind GFK-basierte Ingenieurl\u00f6sungen, die entwickelt wurden, um Gase, Fl\u00fcssigkeiten und Abf\u00e4lle in Aufbereitungsanlagen und Industrieprozessen sicher, effizient und dauerhaft zu behandeln. Entschwefelungstanks, Geruchskontrollsysteme, vorgefertigte Pumpstationen, Lamellenmodule und Abdeckungsl\u00f6sungen gew\u00e4hrleisten zuverl\u00e4ssige Leistung unter anspruchsvollen Einsatzbedingungen und bieten hohe Korrosionsbest\u00e4ndigkeit bei geringem Wartungsaufwand. Entschwefelungstanks Als Unternehmen mit fundierter Expertise in den Funktionsprinzipien von&#8230;<\/p>\n","protected":false},"author":1,"featured_media":0,"parent":30588,"menu_order":0,"comment_status":"closed","ping_status":"closed","template":"elementor_header_footer","meta":{"footnotes":""},"class_list":["post-31061","page","type-page","status-publish","hentry"],"_links":{"self":[{"href":"https:\/\/www.tempokompozit.com\/de\/wp-json\/wp\/v2\/pages\/31061","targetHints":{"allow":["GET"]}}],"collection":[{"href":"https:\/\/www.tempokompozit.com\/de\/wp-json\/wp\/v2\/pages"}],"about":[{"href":"https:\/\/www.tempokompozit.com\/de\/wp-json\/wp\/v2\/types\/page"}],"author":[{"embeddable":true,"href":"https:\/\/www.tempokompozit.com\/de\/wp-json\/wp\/v2\/users\/1"}],"replies":[{"embeddable":true,"href":"https:\/\/www.tempokompozit.com\/de\/wp-json\/wp\/v2\/comments?post=31061"}],"version-history":[{"count":0,"href":"https:\/\/www.tempokompozit.com\/de\/wp-json\/wp\/v2\/pages\/31061\/revisions"}],"up":[{"embeddable":true,"href":"https:\/\/www.tempokompozit.com\/de\/wp-json\/wp\/v2\/pages\/30588"}],"wp:attachment":[{"href":"https:\/\/www.tempokompozit.com\/de\/wp-json\/wp\/v2\/media?parent=31061"}],"curies":[{"name":"wp","href":"https:\/\/api.w.org\/{rel}","templated":true}]}}