{"id":30876,"date":"2026-02-22T20:32:06","date_gmt":"2026-02-22T17:32:06","guid":{"rendered":"https:\/\/www.tempokompozit.com\/de\/?page_id=30876"},"modified":"2026-03-10T21:00:45","modified_gmt":"2026-03-10T18:00:45","slug":"entschwefelungstanks","status":"publish","type":"page","link":"https:\/\/www.tempokompozit.com\/de\/produkte\/umwelttechnische-systemlosungen\/entschwefelungstanks\/","title":{"rendered":"Entschwefelungstanks"},"content":{"rendered":"\t\t<div data-elementor-type=\"wp-page\" data-elementor-id=\"30876\" class=\"elementor elementor-30876\">\n\t\t\t\t\r\n\t\t<div class=\"default no-position show_shadow rs-sticky-default elementor-element elementor-element-4b6cc1a e-con-full e-flex e-con e-parent\" data-id=\"4b6cc1a\" data-element_type=\"container\" data-e-type=\"container\" data-settings=\"{&quot;background_background&quot;:&quot;classic&quot;}\">\n\t\t\r\n\t\t<div class=\"default no-position show_shadow rs-sticky-default elementor-element elementor-element-135a0b6 e-con-full e-flex e-con e-child\" data-id=\"135a0b6\" data-element_type=\"container\" data-e-type=\"container\">\n\t\t\r\n\t\t<div class=\"default no-position show_shadow rs-sticky-default elementor-element elementor-element-1c77a03 e-con-full e-flex e-con e-child\" data-id=\"1c77a03\" data-element_type=\"container\" data-e-type=\"container\">\n\t\t\t\t<\/div>\n\t\t\t\t<\/div>\n\t\t\r\n\t\t<div class=\"default no-position show_shadow rs-sticky-default elementor-element elementor-element-817b41a e-con-full e-flex e-con e-child\" data-id=\"817b41a\" data-element_type=\"container\" data-e-type=\"container\">\n\t\t\r\n\t\t<div class=\"default no-position show_shadow rs-sticky-default elementor-element elementor-element-2a76faf e-con-full e-flex e-con e-child\" data-id=\"2a76faf\" data-element_type=\"container\" data-e-type=\"container\" data-settings=\"{&quot;background_background&quot;:&quot;classic&quot;}\">\n\t\t\r\n\t\t<div class=\"default no-position show_shadow rs-sticky-default elementor-element elementor-element-a6ed8be e-con-full e-flex e-con e-child\" data-id=\"a6ed8be\" data-element_type=\"container\" data-e-type=\"container\">\n\t\t\r\n\t\t\t\t<div class=\"elementor-element elementor-element-825a159 elementor-widget elementor-widget-rs-heading\" data-id=\"825a159\" data-element_type=\"widget\" data-e-type=\"widget\" data-widget_type=\"rs-heading.default\">\n\t\t\t\t<div class=\"elementor-widget-container\">\n\t\t\t\t\t\n\t\t<div class=\"prelements-heading default  \">\n\t\t\t<div class=\"title-inner\">\n\t\t\t\t<h2 class=\"title rs-split-text-disable \">Entschwefelungstanks<\/h2>\n\t\t\t<\/div>\n\t\t\t\t\t<\/div>\n\t\t\t\t<\/div>\n\t\t\t\t<\/div>\n\t\t\t\t<\/div>\n\t\t\t\t<\/div>\n\t\t\t\t<\/div>\n\t\t\r\n\t\t<div class=\"default no-position show_shadow rs-sticky-default elementor-element elementor-element-e6cfb15 e-con-full e-flex e-con e-child\" data-id=\"e6cfb15\" data-element_type=\"container\" data-e-type=\"container\">\n\t\t\t\t<\/div>\n\t\t\r\n\t\t<div class=\"default no-position show_shadow rs-sticky-default elementor-element elementor-element-04a29df e-con-full e-flex e-con e-child\" data-id=\"04a29df\" data-element_type=\"container\" data-e-type=\"container\">\n\t\t\r\n\t\t<div class=\"default no-position show_shadow rs-sticky-default elementor-element elementor-element-55aad88 e-con-full e-flex e-con e-child\" data-id=\"55aad88\" data-element_type=\"container\" data-e-type=\"container\">\n\t\t\r\n\t\t<div class=\"default no-position show_shadow rs-sticky-default elementor-element elementor-element-66aef1d e-con-full e-flex e-con e-child\" data-id=\"66aef1d\" data-element_type=\"container\" data-e-type=\"container\">\n\t\t\r\n\t\t<div class=\"default no-position show_shadow rs-sticky-default elementor-element elementor-element-32f56d6 e-con-full e-flex e-con e-child\" data-id=\"32f56d6\" data-element_type=\"container\" data-e-type=\"container\" data-settings=\"{&quot;background_background&quot;:&quot;classic&quot;}\">\n\t\t\r\n\t\t\t\t<div class=\"elementor-element elementor-element-8d18772 elementor-widget elementor-widget-heading\" data-id=\"8d18772\" data-element_type=\"widget\" data-e-type=\"widget\" data-widget_type=\"heading.default\">\n\t\t\t\t<div class=\"elementor-widget-container\">\n\t\t\t\t\t<h6 class=\"elementor-heading-title elementor-size-default\">PRODUKTINFORMATIONEN<\/h6>\t\t\t\t<\/div>\n\t\t\t\t<\/div>\n\t\t\t\t<\/div>\n\t\t\r\n\t\t<div class=\"default no-position show_shadow rs-sticky-default elementor-element elementor-element-cb1bd1c e-con-full e-flex e-con e-child\" data-id=\"cb1bd1c\" data-element_type=\"container\" data-e-type=\"container\" data-settings=\"{&quot;background_background&quot;:&quot;classic&quot;}\">\n\t\t\r\n\t\t\t\t<div class=\"elementor-element elementor-element-a2fe4ad elementor-widget elementor-widget-text-editor\" data-id=\"a2fe4ad\" data-element_type=\"widget\" data-e-type=\"widget\" data-widget_type=\"text-editor.default\">\n\t\t\t\t<div class=\"elementor-widget-container\">\n\t\t\t\t\t\t\t\t\t<p data-start=\"0\" data-end=\"398\">Als Unternehmen mit fundierter Expertise in den Funktionsprinzipien von Behandlungssystemen \u00fcbernehmen wir bei der Herstellung von GFK-Beh\u00e4ltern f\u00fcr Entschwefelungstanks \u2013 die erst seit Kurzem in unserem Land zunehmend eingesetzt werden \u2013 eine aktive Rolle bei der Weiterentwicklung der Anwendung und der Sicherstellung einer effizienten Systemleistung, anstatt lediglich als Hersteller zu agieren.<\/p><p data-start=\"400\" data-end=\"836\">Als Tempo Kompozit zeichnen sich die von uns hergestellten Entschwefelungstanks durch ihre hohe Best\u00e4ndigkeit gegen\u00fcber hohen Temperaturen und korrosiven Umgebungen aus. Dank dieser Eigenschaften werden unsere Produkte sicher in zahlreichen Anlagen eingesetzt, die unter anspruchsvollen Prozessbedingungen betrieben werden, insbesondere in Kraftwerken, Abwasseraufbereitungsanlagen sowie in der chemischen und petrochemischen Industrie.<\/p><p data-start=\"838\" data-end=\"1154\">Unsere Tanks k\u00f6nnen entsprechend den Kunden- und Prozessanforderungen in unterschiedlichen Abmessungen und technischen Spezifikationen gefertigt werden. Im Einklang mit den Projektanforderungen bieten wir zudem kundenspezifische Konstruktionsl\u00f6sungen an und liefern damit ma\u00dfgeschneiderte L\u00f6sungen f\u00fcr jedes Projekt.<\/p><p data-start=\"1156\" data-end=\"1527\">Der bei der Herstellung unserer Tanks verwendete glasfaserverst\u00e4rkte Kunststoff (GFK) bietet nicht nur eine ausgezeichnete chemische Best\u00e4ndigkeit, sondern auch Vorteile wie einen geringen Wartungsbedarf, eine leichte Bauweise und eine lange Lebensdauer. Dadurch werden die Betriebskosten reduziert und gleichzeitig die Zuverl\u00e4ssigkeit und Kontinuit\u00e4t der Systeme erh\u00f6ht.<\/p><p data-start=\"1529\" data-end=\"1929\" data-is-last-node=\"\" data-is-only-node=\"\">Unsere Produktionsprozesse werden gem\u00e4\u00df hohen Qualit\u00e4tsstandards durchgef\u00fchrt. Neben der Fertigung bieten wir mit unseren eigenen Expertenteams auch Lieferung vor Ort sowie professionelle Montageleistungen an, um die vollst\u00e4ndige Umsetzung Ihrer Projekte sicherzustellen. Auf diese Weise liefern wir vollst\u00e4ndig integrierte End-to-End-L\u00f6sungen und begleiten unsere Kunden in jeder Phase des Projekts.<\/p>\t\t\t\t\t\t\t\t<\/div>\n\t\t\t\t<\/div>\n\t\t\t\t<\/div>\n\t\t\t\t<\/div>\n\t\t\r\n\t\t<div class=\"default no-position show_shadow rs-sticky-default elementor-element elementor-element-4d26726 e-con-full e-flex e-con e-child\" data-id=\"4d26726\" data-element_type=\"container\" data-e-type=\"container\">\n\t\t\r\n\t\t<div class=\"default no-position show_shadow rs-sticky-default elementor-element elementor-element-cc805ff e-con-full e-flex e-con e-child\" data-id=\"cc805ff\" data-element_type=\"container\" data-e-type=\"container\" data-settings=\"{&quot;background_background&quot;:&quot;classic&quot;}\">\n\t\t\r\n\t\t\t\t<div class=\"elementor-element elementor-element-08b971d elementor-widget elementor-widget-heading\" data-id=\"08b971d\" data-element_type=\"widget\" data-e-type=\"widget\" data-widget_type=\"heading.default\">\n\t\t\t\t<div class=\"elementor-widget-container\">\n\t\t\t\t\t<h6 class=\"elementor-heading-title elementor-size-default\">TECHNISCHE SPEZIFIKATIONEN<\/h6>\t\t\t\t<\/div>\n\t\t\t\t<\/div>\n\t\t\t\t<\/div>\n\t\t\r\n\t\t<div class=\"default no-position show_shadow rs-sticky-default elementor-element elementor-element-0d947f2 e-con-full e-flex e-con e-child\" data-id=\"0d947f2\" data-element_type=\"container\" data-e-type=\"container\" data-settings=\"{&quot;background_background&quot;:&quot;classic&quot;}\">\n\t\t\r\n\t\t\t\t<div class=\"elementor-element elementor-element-daaced2 elementor-widget elementor-widget-text-editor\" data-id=\"daaced2\" data-element_type=\"widget\" data-e-type=\"widget\" data-widget_type=\"text-editor.default\">\n\t\t\t\t<div class=\"elementor-widget-container\">\n\t\t\t\t\t\t\t\t\t<p data-start=\"0\" data-end=\"678\">GRP-Entschwefelungstanks werden so konstruiert und gefertigt, dass sie eine hohe Best\u00e4ndigkeit gegen\u00fcber hohen Temperaturen und korrosiven Bedingungen in Industrieanlagen gew\u00e4hrleisten. Die Innenoberfl\u00e4che der Tanks wird mit einer glatten und homogenen Struktur hergestellt, um eine maximale chemische Best\u00e4ndigkeit sicherzustellen. Diese Struktur verhindert Ablagerungsbildung und erleichtert Reinigungs- und Wartungsarbeiten. In kritischen Bereichen wird die strukturelle Festigkeit durch zus\u00e4tzliche Faserverst\u00e4rkungen erh\u00f6ht. Jeder Tank wird entsprechend den im Projekt definierten Bedingungen hinsichtlich Innendruck, Vakuum und \u00e4u\u00dferer Belastungen ausgelegt und gefertigt.<\/p><p data-start=\"680\" data-end=\"979\">Flansche, Kupplungen und Stutzen f\u00fcr Ein- und Auslassleitungen, Entw\u00e4sserung, Bel\u00fcftung sowie F\u00fcllstandsmesspunkte werden gem\u00e4\u00df den einschl\u00e4gigen Normen installiert; s\u00e4mtliche erforderlichen Dichtungs- und Isolationsanwendungen werden vollst\u00e4ndig ausgef\u00fchrt, um eine Leckagefreiheit sicherzustellen.<\/p><p data-start=\"981\" data-end=\"1121\" data-is-last-node=\"\" data-is-only-node=\"\">Alle unsere Produktionsprozesse werden gem\u00e4\u00df TS EN 13121, ISO 9001 sowie weiteren geltenden internationalen Qualit\u00e4tsstandards durchgef\u00fchrt.<\/p>\t\t\t\t\t\t\t\t<\/div>\n\t\t\t\t<\/div>\n\t\t\t\t<\/div>\n\t\t\t\t<\/div>\n\t\t\r\n\t\t<div class=\"default no-position show_shadow rs-sticky-default elementor-element elementor-element-79e4117 e-con-full e-flex e-con e-child\" data-id=\"79e4117\" data-element_type=\"container\" data-e-type=\"container\">\n\t\t\r\n\t\t<div class=\"default no-position show_shadow rs-sticky-default elementor-element elementor-element-0f323a8 e-con-full e-flex e-con e-child\" data-id=\"0f323a8\" data-element_type=\"container\" data-e-type=\"container\" data-settings=\"{&quot;background_background&quot;:&quot;classic&quot;}\">\n\t\t\r\n\t\t\t\t<div class=\"elementor-element elementor-element-d733c01 elementor-widget elementor-widget-heading\" data-id=\"d733c01\" data-element_type=\"widget\" data-e-type=\"widget\" data-widget_type=\"heading.default\">\n\t\t\t\t<div class=\"elementor-widget-container\">\n\t\t\t\t\t<h6 class=\"elementor-heading-title elementor-size-default\">VORTEILE<\/h6>\t\t\t\t<\/div>\n\t\t\t\t<\/div>\n\t\t\t\t<\/div>\n\t\t\r\n\t\t<div class=\"default no-position show_shadow rs-sticky-default elementor-element elementor-element-46c6cc2 e-con-full e-flex e-con e-child\" data-id=\"46c6cc2\" data-element_type=\"container\" data-e-type=\"container\" data-settings=\"{&quot;background_background&quot;:&quot;classic&quot;}\">\n\t\t\r\n\t\t\t\t<div class=\"elementor-element elementor-element-7789eaf elementor-widget elementor-widget-text-editor\" data-id=\"7789eaf\" data-element_type=\"widget\" data-e-type=\"widget\" data-widget_type=\"text-editor.default\">\n\t\t\t\t<div class=\"elementor-widget-container\">\n\t\t\t\t\t\t\t\t\t<div class=\"flex flex-col text-sm\"><article class=\"text-token-text-primary w-full focus:outline-none [--shadow-height:45px] has-data-writing-block:pointer-events-none has-data-writing-block:-mt-(--shadow-height) has-data-writing-block:pt-(--shadow-height) [&amp;:has([data-writing-block])&gt;*]:pointer-events-auto scroll-mt-[calc(var(--header-height)+min(200px,max(70px,20svh)))]\" dir=\"auto\" tabindex=\"-1\" data-turn-id=\"request-WEB:0c6fa50c-9f4a-4ed2-a001-02872415a4c9-8\" data-testid=\"conversation-turn-18\" data-scroll-anchor=\"true\" data-turn=\"assistant\"><div class=\"text-base my-auto mx-auto pb-10 [--thread-content-margin:--spacing(4)] @w-sm\/main:[--thread-content-margin:--spacing(6)] @w-lg\/main:[--thread-content-margin:--spacing(16)] px-(--thread-content-margin)\"><div class=\"[--thread-content-max-width:40rem] @w-lg\/main:[--thread-content-max-width:48rem] mx-auto max-w-(--thread-content-max-width) flex-1 group\/turn-messages focus-visible:outline-hidden relative flex w-full min-w-0 flex-col agent-turn\" tabindex=\"-1\"><div class=\"flex max-w-full flex-col grow\"><div class=\"min-h-8 text-message relative flex w-full flex-col items-end gap-2 text-start break-words whitespace-normal [.text-message+&amp;]:mt-1\" dir=\"auto\" data-message-author-role=\"assistant\" data-message-id=\"9ba3d2c6-88c9-4c89-a076-4d7b1f75640e\" data-message-model-slug=\"gpt-5-2\"><div class=\"flex w-full flex-col gap-1 empty:hidden first:pt-[1px]\"><div class=\"markdown prose dark:prose-invert w-full wrap-break-word dark markdown-new-styling\"><p data-start=\"0\" data-end=\"47\">\u2022 Hohe chemische und thermische Best\u00e4ndigkeit<\/p><p data-start=\"49\" data-end=\"93\">\u2022 Leichte Bauweise und einfacher Transport<\/p><p data-start=\"95\" data-end=\"143\">\u2022 Lange Lebensdauer und geringe Wartungskosten<\/p><p data-start=\"145\" data-end=\"217\">\u2022 Projektspezifische Fertigung und flexible Konstruktionsm\u00f6glichkeiten<\/p><p data-start=\"219\" data-end=\"264\">\u2022 Qualit\u00e4tskontrollierte Fertigungsprozesse<\/p><p data-start=\"266\" data-end=\"314\">\u2022 Professionelle Lieferung und Montage vor Ort<\/p><p data-start=\"316\" data-end=\"369\">\u2022 Vollst\u00e4ndige Konformit\u00e4t mit industriellen Normen<\/p><p data-start=\"371\" data-end=\"434\" data-is-last-node=\"\" data-is-only-node=\"\">\u2022 Langj\u00e4hrige Branchenerfahrung und ein erfahrenes Expertenteam<\/p><\/div><\/div><\/div><\/div><\/div><\/div><\/article><\/div>\t\t\t\t\t\t\t\t<\/div>\n\t\t\t\t<\/div>\n\t\t\t\t<\/div>\n\t\t\t\t<\/div>\n\t\t\r\n\t\t\t\t<div class=\"elementor-element elementor-element-11f6136 elementor-align-center elementor-widget elementor-widget-button\" data-id=\"11f6136\" data-element_type=\"widget\" data-e-type=\"widget\" data-widget_type=\"button.default\">\n\t\t\t\t<div class=\"elementor-widget-container\">\n\t\t\t\t\t\t\t\t\t<div class=\"elementor-button-wrapper\">\n\t\t\t\t\t<a class=\"elementor-button elementor-button-link elementor-size-sm elementor-animation-grow\" href=\"https:\/\/www.tempokompozit.com\/de\/kontakt\/\">\n\t\t\t\t\t\t<span class=\"elementor-button-content-wrapper\">\n\t\t\t\t\t\t\t\t\t<span class=\"elementor-button-text\">Angebot Anfordern<\/span>\n\t\t\t\t\t<\/span>\n\t\t\t\t\t<\/a>\n\t\t\t\t<\/div>\n\t\t\t\t\t\t\t\t<\/div>\n\t\t\t\t<\/div>\n\t\t\t\t<\/div>\n\t\t\r\n\t\t<div class=\"default no-position show_shadow rs-sticky-default elementor-element elementor-element-840cfb8 e-con-full e-flex e-con e-child\" data-id=\"840cfb8\" data-element_type=\"container\" data-e-type=\"container\">\n\t\t\r\n\t\t<div class=\"default no-position show_shadow rs-sticky-default elementor-element elementor-element-676ab32 e-con-full e-flex e-con e-child\" data-id=\"676ab32\" data-element_type=\"container\" data-e-type=\"container\">\n\t\t\r\n\t\t<div class=\"default no-position show_shadow rs-sticky-default elementor-element elementor-element-8cf946d e-con-full e-flex e-con e-child\" data-id=\"8cf946d\" data-element_type=\"container\" data-e-type=\"container\" data-settings=\"{&quot;background_background&quot;:&quot;classic&quot;}\">\n\t\t\r\n\t\t\t\t<div class=\"elementor-element elementor-element-4054a55 elementor-widget elementor-widget-heading\" data-id=\"4054a55\" data-element_type=\"widget\" data-e-type=\"widget\" data-widget_type=\"heading.default\">\n\t\t\t\t<div class=\"elementor-widget-container\">\n\t\t\t\t\t<h6 class=\"elementor-heading-title elementor-size-default\">BILDER<\/h6>\t\t\t\t<\/div>\n\t\t\t\t<\/div>\n\t\t\t\t<\/div>\n\t\t\r\n\t\t<div class=\"default no-position show_shadow rs-sticky-default elementor-element elementor-element-fe0eb86 e-con-full e-flex e-con e-child\" data-id=\"fe0eb86\" data-element_type=\"container\" data-e-type=\"container\" data-settings=\"{&quot;background_background&quot;:&quot;classic&quot;}\">\n\t\t\r\n\t\t\t\t<div class=\"elementor-element elementor-element-5eccb87 elementor-widget elementor-widget-image\" data-id=\"5eccb87\" data-element_type=\"widget\" data-e-type=\"widget\" data-widget_type=\"image.default\">\n\t\t\t\t<div class=\"elementor-widget-container\">\n\t\t\t\t\t\t\t\t\t\t\t\t\t\t\t<img fetchpriority=\"high\" decoding=\"async\" width=\"1200\" height=\"1800\" src=\"https:\/\/www.tempokompozit.com\/de\/wp-content\/uploads\/2026\/02\/desulfurizasyon-tanklari-afyon-enerji-biogaz-santrali-armatech-1.jpg\" class=\"attachment-full size-full wp-image-30991\" alt=\"Entschwefelungs Tanks\" srcset=\"https:\/\/www.tempokompozit.com\/de\/wp-content\/uploads\/2026\/02\/desulfurizasyon-tanklari-afyon-enerji-biogaz-santrali-armatech-1.jpg 1200w, https:\/\/www.tempokompozit.com\/de\/wp-content\/uploads\/2026\/02\/desulfurizasyon-tanklari-afyon-enerji-biogaz-santrali-armatech-1-200x300.jpg 200w, https:\/\/www.tempokompozit.com\/de\/wp-content\/uploads\/2026\/02\/desulfurizasyon-tanklari-afyon-enerji-biogaz-santrali-armatech-1-683x1024.jpg 683w, https:\/\/www.tempokompozit.com\/de\/wp-content\/uploads\/2026\/02\/desulfurizasyon-tanklari-afyon-enerji-biogaz-santrali-armatech-1-768x1152.jpg 768w, https:\/\/www.tempokompozit.com\/de\/wp-content\/uploads\/2026\/02\/desulfurizasyon-tanklari-afyon-enerji-biogaz-santrali-armatech-1-1024x1536.jpg 1024w\" sizes=\"(max-width: 1200px) 100vw, 1200px\" title=\"\">\t\t\t\t\t\t\t\t\t\t\t\t\t\t\t<\/div>\n\t\t\t\t<\/div>\n\t\t\t\t<\/div>\n\t\t\t\t<\/div>\n\t\t\r\n\t\t<div class=\"default no-position show_shadow rs-sticky-default elementor-element elementor-element-8077c25 e-con-full e-flex e-con e-child\" data-id=\"8077c25\" data-element_type=\"container\" data-e-type=\"container\">\n\t\t\r\n\t\t<div class=\"default no-position show_shadow rs-sticky-default elementor-element elementor-element-da42dae e-con-full e-flex e-con e-child\" data-id=\"da42dae\" data-element_type=\"container\" data-e-type=\"container\" data-settings=\"{&quot;background_background&quot;:&quot;classic&quot;}\">\n\t\t\r\n\t\t\t\t<div class=\"elementor-element elementor-element-23db393 elementor-widget elementor-widget-image\" data-id=\"23db393\" data-element_type=\"widget\" data-e-type=\"widget\" data-widget_type=\"image.default\">\n\t\t\t\t<div class=\"elementor-widget-container\">\n\t\t\t\t\t\t\t\t\t\t\t\t\t\t\t<img decoding=\"async\" width=\"1200\" height=\"1800\" src=\"https:\/\/www.tempokompozit.com\/de\/wp-content\/uploads\/2026\/02\/desulfurizasyon-tanklari-trabzon-evra-clever.jpg\" class=\"attachment-full size-full wp-image-30992\" alt=\"Entschwefelungstanks3\" srcset=\"https:\/\/www.tempokompozit.com\/de\/wp-content\/uploads\/2026\/02\/desulfurizasyon-tanklari-trabzon-evra-clever.jpg 1200w, https:\/\/www.tempokompozit.com\/de\/wp-content\/uploads\/2026\/02\/desulfurizasyon-tanklari-trabzon-evra-clever-200x300.jpg 200w, https:\/\/www.tempokompozit.com\/de\/wp-content\/uploads\/2026\/02\/desulfurizasyon-tanklari-trabzon-evra-clever-683x1024.jpg 683w, https:\/\/www.tempokompozit.com\/de\/wp-content\/uploads\/2026\/02\/desulfurizasyon-tanklari-trabzon-evra-clever-768x1152.jpg 768w, https:\/\/www.tempokompozit.com\/de\/wp-content\/uploads\/2026\/02\/desulfurizasyon-tanklari-trabzon-evra-clever-1024x1536.jpg 1024w\" sizes=\"(max-width: 1200px) 100vw, 1200px\" title=\"\">\t\t\t\t\t\t\t\t\t\t\t\t\t\t\t<\/div>\n\t\t\t\t<\/div>\n\t\t\t\t<\/div>\n\t\t\t\t<\/div>\n\t\t\t\t<\/div>\n\t\t\t\t<\/div>\n\t\t\t\t<\/div>\n\t\t\t\t<\/div>\n\t\t","protected":false},"excerpt":{"rendered":"<p>Entschwefelungstanks PRODUKTINFORMATIONEN Als Unternehmen mit fundierter Expertise in den Funktionsprinzipien von Behandlungssystemen \u00fcbernehmen wir bei der Herstellung von GFK-Beh\u00e4ltern f\u00fcr Entschwefelungstanks \u2013 die erst seit Kurzem in unserem Land zunehmend eingesetzt werden \u2013 eine aktive Rolle bei der Weiterentwicklung der Anwendung und der Sicherstellung einer effizienten Systemleistung, anstatt lediglich als Hersteller zu agieren. Als Tempo&#8230;<\/p>\n","protected":false},"author":1,"featured_media":0,"parent":31061,"menu_order":0,"comment_status":"closed","ping_status":"closed","template":"elementor_header_footer","meta":{"footnotes":""},"class_list":["post-30876","page","type-page","status-publish","hentry"],"_links":{"self":[{"href":"https:\/\/www.tempokompozit.com\/de\/wp-json\/wp\/v2\/pages\/30876","targetHints":{"allow":["GET"]}}],"collection":[{"href":"https:\/\/www.tempokompozit.com\/de\/wp-json\/wp\/v2\/pages"}],"about":[{"href":"https:\/\/www.tempokompozit.com\/de\/wp-json\/wp\/v2\/types\/page"}],"author":[{"embeddable":true,"href":"https:\/\/www.tempokompozit.com\/de\/wp-json\/wp\/v2\/users\/1"}],"replies":[{"embeddable":true,"href":"https:\/\/www.tempokompozit.com\/de\/wp-json\/wp\/v2\/comments?post=30876"}],"version-history":[{"count":0,"href":"https:\/\/www.tempokompozit.com\/de\/wp-json\/wp\/v2\/pages\/30876\/revisions"}],"up":[{"embeddable":true,"href":"https:\/\/www.tempokompozit.com\/de\/wp-json\/wp\/v2\/pages\/31061"}],"wp:attachment":[{"href":"https:\/\/www.tempokompozit.com\/de\/wp-json\/wp\/v2\/media?parent=30876"}],"curies":[{"name":"wp","href":"https:\/\/api.w.org\/{rel}","templated":true}]}}