{"id":30673,"date":"2025-10-05T21:18:53","date_gmt":"2025-10-05T18:18:53","guid":{"rendered":"https:\/\/www.tempokompozit.com\/de\/?page_id=30673"},"modified":"2026-03-10T21:09:51","modified_gmt":"2026-03-10T18:09:51","slug":"datenschutzhinweis","status":"publish","type":"page","link":"https:\/\/www.tempokompozit.com\/de\/datenschutzhinweis\/","title":{"rendered":"Datenschutzhinweis"},"content":{"rendered":"\t\t<div data-elementor-type=\"wp-page\" data-elementor-id=\"30673\" class=\"elementor elementor-30673\">\n\t\t\t\t\r\n\t\t<div class=\"default no-position show_shadow rs-sticky-default elementor-element elementor-element-8224dda e-flex e-con-boxed e-con e-parent\" data-id=\"8224dda\" data-element_type=\"container\" data-e-type=\"container\">\n\t\t\t\t\t<div class=\"e-con-inner\">\n\t\t\r\n\t\t\t\t<div class=\"elementor-element elementor-element-696a603 elementor-widget elementor-widget-text-editor\" data-id=\"696a603\" data-element_type=\"widget\" data-e-type=\"widget\" data-widget_type=\"text-editor.default\">\n\t\t\t\t<div class=\"elementor-widget-container\">\n\t\t\t\t\t\t\t\t\t<h2>TEMPO KOMPOZIT SAN.TIC.LTD.STI<\/h2>\n<strong>COOKIE-HINWEIS GEM\u00c4SS DEM GESETZ ZUM SCHUTZ PERSONENBEZOGENER DATEN NR. 6698<\/strong>\n\n<h3>1. Einleitung<\/h3>\nDieser Text wurde gem\u00e4\u00df Artikel 10 des Gesetzes zum Schutz personenbezogener Daten Nr. 6698 (\u201eGesetz\u201c), der Verordnung \u00fcber Verfahren und Grunds\u00e4tze zur Erf\u00fcllung der Informationspflicht (\u201eVerordnung\u201c) sowie dem Leitfaden zu Cookie-Anwendungen (\u201eLeitfaden\u201c) erstellt, um Sie als betroffene Person \u00fcber die \u00fcber die Website <a href=\"https:\/\/tempokompozit.com\/de\" target=\"_blank\" rel=\"noopener\"><strong>https:\/\/tempokompozit.com\/de<\/strong><\/a> (\u201eWebsite\u201c) verarbeiteten Cookies zu informieren. Verantwortlicher f\u00fcr die Datenverarbeitung ist <strong>TEMPO KOMPOZIT SAN.TIC.LTD.STI<\/strong> (\u201eUnternehmen\u201c).\n\nDetaillierte Informationen \u00fcber die Verarbeitung Ihrer personenbezogenen Daten finden Sie auf der Seite zum Datenschutz.\n\nCookies auf der Website werden verwendet, um Ihnen eine effizientere Nutzung unserer Website zu erm\u00f6glichen und Ihre Benutzererfahrung zu verbessern.\n\n<h3>2. Was sind Cookies und warum werden sie verwendet?<\/h3>\nCookies sind Dateien oder Informationsbestandteile, die auf Ihrem Computer (oder anderen internetf\u00e4higen Ger\u00e4ten wie Smartphones und Tablets) gespeichert werden k\u00f6nnen, wenn Sie eine Website besuchen. Cookies k\u00f6nnen auch verwendet werden, um unsere Dienstleistungen besser an Ihre Interessen und Bed\u00fcrfnisse anzupassen und\/oder Ihre zuk\u00fcnftigen Aktivit\u00e4ten und Erfahrungen auf unseren Websites zu beschleunigen.\n\n<h3>Arten von Cookies<\/h3>\n<ul>\n \t<li><strong>Nach Parteien:<\/strong> Erstanbieter-Cookies, Drittanbieter-Cookies<\/li>\n \t<li><strong>Nach Speicherdauer:<\/strong> Sitzungs-Cookies, Persistente Cookies<\/li>\n \t<li><strong>Nach Zweck:<\/strong> Notwendig, Funktional, Leistungs-Analyse, Werbung\/Marketing<\/li>\n<\/ul>\n\n<h3>3. Auf unserer Website verwendete Cookies<\/h3>\n\n<table style=\"border-collapse: collapse; width: 100%;\" border=\"1\" cellspacing=\"0\" cellpadding=\"6\">\n<thead>\n<tr>\n<th>Cookie-Name<\/th>\n<th>Zwecktyp<\/th>\n<th>Zweck<\/th>\n<th>Dauer<\/th>\n<th>Partei<\/th>\n<\/tr>\n<\/thead>\n<tbody>\n\n<tr>\n<td>rxvt<\/td>\n<td>Notwendig<\/td>\n<td>Zeigt ein Sitzungs-Timeout an. \u00dcberpr\u00fcft w\u00e4hrend Ihres Besuchs die Leistung und ordnungsgem\u00e4\u00dfe Funktion der Website.<\/td>\n<td>Sitzung<\/td>\n<td>Erstanbieter<\/td>\n<\/tr>\n\n<tr>\n<td>dtCookie<\/td>\n<td>Notwendig<\/td>\n<td>Wird verwendet, um Besuche w\u00e4hrend der Browser-Sitzung zu identifizieren.<\/td>\n<td>Sitzung<\/td>\n<td>Erstanbieter<\/td>\n<\/tr>\n\n<tr>\n<td>dtPC<\/td>\n<td>Notwendig<\/td>\n<td>Wird zur \u00dcberwachung und Analyse der Website-Leistung verwendet.<\/td>\n<td>Sitzung<\/td>\n<td>Erstanbieter<\/td>\n<\/tr>\n\n<tr>\n<td>dtSa<\/td>\n<td>Notwendig<\/td>\n<td>\u00dcberpr\u00fcft die Leistung und ordnungsgem\u00e4\u00dfe Funktion der Website.<\/td>\n<td>Sitzung<\/td>\n<td>Erstanbieter<\/td>\n<\/tr>\n\n<tr>\n<td>history<\/td>\n<td>Notwendig<\/td>\n<td>Wird \u00fcber Formularseiten ausgel\u00f6st und speichert Verlaufsinformationen.<\/td>\n<td>60 Tage<\/td>\n<td>Erstanbieter<\/td>\n<\/tr>\n\n<tr>\n<td>NSESSIONID<\/td>\n<td>Notwendig<\/td>\n<td>Definiert die aktuelle Sitzungs-ID.<\/td>\n<td>Sitzung<\/td>\n<td>Erstanbieter<\/td>\n<\/tr>\n\n<tr>\n<td>JSESSIONID<\/td>\n<td>Notwendig<\/td>\n<td>Definiert die aktuelle Sitzungs-ID.<\/td>\n<td>Sitzung<\/td>\n<td>Erstanbieter<\/td>\n<\/tr>\n\n<tr>\n<td>_cfuvid<\/td>\n<td>Notwendig<\/td>\n<td>\u00dcberwacht die Leistung und ordnungsgem\u00e4\u00dfe Funktion der Website.<\/td>\n<td>Sitzung<\/td>\n<td>Drittanbieter<\/td>\n<\/tr>\n\n<tr>\n<td>rxVisitor<\/td>\n<td>Notwendig<\/td>\n<td>Erstellt eine Besucher-ID zur Zuordnung von Sitzungen.<\/td>\n<td>Sitzung<\/td>\n<td>Erstanbieter<\/td>\n<\/tr>\n\n<tr>\n<td>cbotCookie<\/td>\n<td>Notwendig<\/td>\n<td>Erm\u00f6glicht die Chatbot-Funktion.<\/td>\n<td>Sitzung<\/td>\n<td>Erstanbieter<\/td>\n<\/tr>\n\n<tr>\n<td>gb_opq_id<\/td>\n<td>Funktional<\/td>\n<td>Wird verwendet, um Benutzer zu unterscheiden.<\/td>\n<td>1 Jahr<\/td>\n<td>Erstanbieter<\/td>\n<\/tr>\n\n<tr>\n<td>TCSI<\/td>\n<td>Funktional<\/td>\n<td>Verfolgt Kundensegmente.<\/td>\n<td>Sitzung<\/td>\n<td>Erstanbieter<\/td>\n<\/tr>\n\n<tr>\n<td>_ga<\/td>\n<td>Leistung \/ Analyse<\/td>\n<td>Speichert Google-Analytics-Benutzerstatistiken.<\/td>\n<td>1 Jahr<\/td>\n<td>Erstanbieter<\/td>\n<\/tr>\n\n<tr>\n<td>ga&lt;container-id&gt;<\/td>\n<td>Leistung \/ Analyse<\/td>\n<td>Erh\u00e4lt den Sitzungsstatus aufrecht.<\/td>\n<td>1 Jahr<\/td>\n<td>Erstanbieter<\/td>\n<\/tr>\n\n<tr>\n<td>_gcl_au<\/td>\n<td>Werbung \/ Marketing<\/td>\n<td>Misst die Wirksamkeit von Google AdSense-Werbeanzeigen.<\/td>\n<td>Sitzung<\/td>\n<td>Drittanbieter<\/td>\n<\/tr>\n\n<tr>\n<td>__cf_bm<\/td>\n<td>Werbung \/ Marketing<\/td>\n<td>Wird von Insider f\u00fcr Marketingzwecke verwendet.<\/td>\n<td>12 Minuten<\/td>\n<td>Drittanbieter<\/td>\n<\/tr>\n\n<tr>\n<td>test_cookie<\/td>\n<td>Werbung \/ Marketing<\/td>\n<td>\u00dcberpr\u00fcft die Unterst\u00fctzung von Cookies im Browser.<\/td>\n<td>15 Minuten<\/td>\n<td>Drittanbieter<\/td>\n<\/tr>\n\n<\/tbody>\n<\/table>\n\n<h3>4. Wie kann ich die Verwendung von Cookies kontrollieren?<\/h3>\nSie k\u00f6nnen Ihre Cookie-Einstellungen \u00fcber die Einstellungen Ihres Browsers anpassen.\n\n<ul>\n \t<li><a href=\"https:\/\/tools.google.com\/dlpage\/gaoptout\" target=\"_blank\" rel=\"noopener\">Google Analytics<\/a><\/li>\n \t<li><a href=\"http:\/\/www.google.com\/support\/chrome\/bin\/answer.py?hl=en&amp;answer=95647\" target=\"_blank\" rel=\"noopener\">Google Chrome<\/a><\/li>\n \t<li><a href=\"https:\/\/support.microsoft.com\/en-us\/help\/17442\/windows-internet-explorer-delete-manage-cookies\" target=\"_blank\" rel=\"noopener\">Internet Explorer<\/a><\/li>\n \t<li><a href=\"http:\/\/support.mozilla.com\/en-US\/kb\/Cookies\" target=\"_blank\" rel=\"noopener\">Mozilla Firefox<\/a><\/li>\n \t<li><a href=\"http:\/\/www.opera.com\/browser\/tutorials\/security\/privacy\/\" target=\"_blank\" rel=\"noopener\">Opera<\/a><\/li>\n \t<li><a href=\"https:\/\/support.apple.com\/kb\/ph19214?locale=tr_TR\" target=\"_blank\" rel=\"noopener\">Safari<\/a><\/li>\n<\/ul>\n\n<h3>5. Anpassung Ihrer Cookie-Einstellungen<\/h3>\nWenn Sie unsere Website zum ersten Mal besuchen, k\u00f6nnen Sie Ihre Pr\u00e4ferenzen \u00fcber die Cookie-Verwaltungsplattform speichern. Um diese sp\u00e4ter zu \u00e4ndern, klicken Sie einfach auf das Symbol in der linken unteren Ecke der Seite.\n\n<h3>6. Welche Rechte haben Sie als Inhaber personenbezogener Daten?<\/h3>\n\nGem\u00e4\u00df Artikel 11 des Gesetzes haben betroffene Personen folgende Rechte:\n\n<ul>\n \t<li>Zu erfahren, ob personenbezogene Daten verarbeitet werden,<\/li>\n \t<li>Auskunft zu verlangen, wenn personenbezogene Daten verarbeitet wurden,<\/li>\n \t<li>Den Zweck der Verarbeitung zu erfahren und zu pr\u00fcfen, ob die Daten entsprechend verwendet werden,<\/li>\n \t<li>Die Drittparteien zu erfahren, an die die Daten \u00fcbertragen werden,<\/li>\n \t<li>Die Berichtigung unvollst\u00e4ndiger oder unrichtiger Daten zu verlangen,<\/li>\n \t<li>Die L\u00f6schung oder Vernichtung der Daten zu verlangen,<\/li>\n \t<li>Gegen negative Folgen automatisierter Entscheidungen Einspruch zu erheben,<\/li>\n \t<li>Schadensersatz zu verlangen, wenn durch eine unrechtm\u00e4\u00dfige Verarbeitung Sch\u00e4den entstehen.<\/li>\n<\/ul>\n\nAntr\u00e4ge k\u00f6nnen \u00fcber das <a href=\"https:\/\/tempokompozit.com\/de\/kontakt\">Kontaktformular<\/a> auf unserer Website gestellt werden.\t\t\t\t\t\t\t\t<\/div>\n\t\t\t\t<\/div>\n\t\t\t\t\t<\/div>\n\t\t\t\t<\/div>\n\t\t\t\t<\/div>\n\t\t","protected":false},"excerpt":{"rendered":"<p>TEMPO KOMPOZIT SAN.TIC.LTD.STI COOKIE-HINWEIS GEM\u00c4SS DEM GESETZ ZUM SCHUTZ PERSONENBEZOGENER DATEN NR. 6698 1. Einleitung Dieser Text wurde gem\u00e4\u00df Artikel 10 des Gesetzes zum Schutz personenbezogener Daten Nr. 6698 (\u201eGesetz\u201c), der Verordnung \u00fcber Verfahren und Grunds\u00e4tze zur Erf\u00fcllung der Informationspflicht (\u201eVerordnung\u201c) sowie dem Leitfaden zu Cookie-Anwendungen (\u201eLeitfaden\u201c) erstellt, um Sie als betroffene Person \u00fcber die&#8230;<\/p>\n","protected":false},"author":1,"featured_media":0,"parent":0,"menu_order":0,"comment_status":"closed","ping_status":"closed","template":"","meta":{"footnotes":""},"class_list":["post-30673","page","type-page","status-publish","hentry"],"_links":{"self":[{"href":"https:\/\/www.tempokompozit.com\/de\/wp-json\/wp\/v2\/pages\/30673","targetHints":{"allow":["GET"]}}],"collection":[{"href":"https:\/\/www.tempokompozit.com\/de\/wp-json\/wp\/v2\/pages"}],"about":[{"href":"https:\/\/www.tempokompozit.com\/de\/wp-json\/wp\/v2\/types\/page"}],"author":[{"embeddable":true,"href":"https:\/\/www.tempokompozit.com\/de\/wp-json\/wp\/v2\/users\/1"}],"replies":[{"embeddable":true,"href":"https:\/\/www.tempokompozit.com\/de\/wp-json\/wp\/v2\/comments?post=30673"}],"version-history":[{"count":0,"href":"https:\/\/www.tempokompozit.com\/de\/wp-json\/wp\/v2\/pages\/30673\/revisions"}],"wp:attachment":[{"href":"https:\/\/www.tempokompozit.com\/de\/wp-json\/wp\/v2\/media?parent=30673"}],"curies":[{"name":"wp","href":"https:\/\/api.w.org\/{rel}","templated":true}]}}